{"id":1577,"date":"2025-12-04T09:40:44","date_gmt":"2025-12-04T09:40:44","guid":{"rendered":"https:\/\/deutsch.mercury.ch\/?page_id=1577"},"modified":"2025-12-04T09:57:06","modified_gmt":"2025-12-04T09:57:06","slug":"whistleblowing","status":"publish","type":"page","link":"https:\/\/mercury.ch\/de\/whistleblowing\/","title":{"rendered":"Whistleblowing"},"content":{"rendered":"\t\t<div data-elementor-type=\"wp-page\" data-elementor-id=\"1577\" class=\"elementor elementor-1577\">\n\t\t\t\t\t\t<div class=\"elementor-inner\">\n\t\t\t\t<div class=\"elementor-section-wrap\">\n\t\t\t\t\t\t\t\t\t<section class=\"elementor-section elementor-top-section elementor-element elementor-element-7aeac72b elementor-section-boxed elementor-section-height-default elementor-section-height-default\" data-id=\"7aeac72b\" data-element_type=\"section\" data-settings=\"{&quot;background_background&quot;:&quot;classic&quot;}\">\n\t\t\t\t\t\t<div class=\"elementor-container elementor-column-gap-default\">\n\t\t\t\t\t\t\t<div class=\"elementor-row\">\n\t\t\t\t\t<div class=\"elementor-column elementor-col-100 elementor-top-column elementor-element elementor-element-1b10a0b8\" data-id=\"1b10a0b8\" data-element_type=\"column\" data-settings=\"{&quot;background_background&quot;:&quot;classic&quot;}\">\n\t\t\t<div class=\"elementor-column-wrap elementor-element-populated\">\n\t\t\t\t\t<div class=\"elementor-background-overlay\"><\/div>\n\t\t\t\t\t\t\t<div class=\"elementor-widget-wrap\">\n\t\t\t\t\t\t<div class=\"elementor-element elementor-element-4aa5f3cb elementor-widget-divider--view-line elementor-widget elementor-widget-divider\" data-id=\"4aa5f3cb\" data-element_type=\"widget\" data-widget_type=\"divider.default\">\n\t\t\t\t<div class=\"elementor-widget-container\">\n\t\t\t\t\t<div class=\"elementor-divider\">\n\t\t\t<span class=\"elementor-divider-separator\">\n\t\t\t\t\t\t<\/span>\n\t\t<\/div>\n\t\t\t\t<\/div>\n\t\t\t\t<\/div>\n\t\t\t\t\t\t<\/div>\n\t\t\t\t\t<\/div>\n\t\t<\/div>\n\t\t\t\t\t\t\t\t<\/div>\n\t\t\t\t\t<\/div>\n\t\t<\/section>\n\t\t\t\t<section class=\"elementor-section elementor-top-section elementor-element elementor-element-fbc9f38 elementor-section-boxed elementor-section-height-default elementor-section-height-default\" data-id=\"fbc9f38\" data-element_type=\"section\">\n\t\t\t\t\t\t<div class=\"elementor-container elementor-column-gap-default\">\n\t\t\t\t\t\t\t<div class=\"elementor-row\">\n\t\t\t\t\t<div class=\"elementor-column elementor-col-100 elementor-top-column elementor-element elementor-element-2766e34\" data-id=\"2766e34\" data-element_type=\"column\">\n\t\t\t<div class=\"elementor-column-wrap elementor-element-populated\">\n\t\t\t\t\t\t\t<div class=\"elementor-widget-wrap\">\n\t\t\t\t\t\t<div class=\"elementor-element elementor-element-af34f6e elementor-widget elementor-widget-heading\" data-id=\"af34f6e\" data-element_type=\"widget\" data-widget_type=\"heading.default\">\n\t\t\t\t<div class=\"elementor-widget-container\">\n\t\t\t<h2 class=\"elementor-heading-title elementor-size-default\">Whistleblowing<\/h2>\t\t<\/div>\n\t\t\t\t<\/div>\n\t\t\t\t\t\t<\/div>\n\t\t\t\t\t<\/div>\n\t\t<\/div>\n\t\t\t\t\t\t\t\t<\/div>\n\t\t\t\t\t<\/div>\n\t\t<\/section>\n\t\t\t\t<section class=\"elementor-section elementor-top-section elementor-element elementor-element-211761c elementor-section-boxed elementor-section-height-default elementor-section-height-default\" data-id=\"211761c\" data-element_type=\"section\">\n\t\t\t\t\t\t<div class=\"elementor-container elementor-column-gap-default\">\n\t\t\t\t\t\t\t<div class=\"elementor-row\">\n\t\t\t\t\t<div class=\"elementor-column elementor-col-50 elementor-top-column elementor-element elementor-element-4e12cca\" data-id=\"4e12cca\" data-element_type=\"column\">\n\t\t\t<div class=\"elementor-column-wrap elementor-element-populated\">\n\t\t\t\t\t\t\t<div class=\"elementor-widget-wrap\">\n\t\t\t\t\t\t<div class=\"elementor-element elementor-element-ebaed3a elementor-widget elementor-widget-image\" data-id=\"ebaed3a\" data-element_type=\"widget\" data-widget_type=\"image.default\">\n\t\t\t\t<div class=\"elementor-widget-container\">\n\t\t\t\t\t\t\t\t<div class=\"elementor-image\">\n\t\t\t\t\t\t\t\t\t\t\t\t<img width=\"900\" height=\"963\" src=\"https:\/\/mercury.ch\/de\/wp-content\/uploads\/2025\/12\/WHISTLEBLOWING.png\" class=\"attachment-large size-large\" alt=\"\" loading=\"lazy\" srcset=\"https:\/\/mercury.ch\/de\/wp-content\/uploads\/2025\/12\/WHISTLEBLOWING.png 900w, https:\/\/mercury.ch\/de\/wp-content\/uploads\/2025\/12\/WHISTLEBLOWING-280x300.png 280w, https:\/\/mercury.ch\/de\/wp-content\/uploads\/2025\/12\/WHISTLEBLOWING-768x822.png 768w\" sizes=\"(max-width: 900px) 100vw, 900px\" \/>\t\t\t\t\t\t\t\t\t\t\t\t\t\t<\/div>\n\t\t\t\t\t\t<\/div>\n\t\t\t\t<\/div>\n\t\t\t\t\t\t<\/div>\n\t\t\t\t\t<\/div>\n\t\t<\/div>\n\t\t\t\t<div class=\"elementor-column elementor-col-50 elementor-top-column elementor-element elementor-element-db05403\" data-id=\"db05403\" data-element_type=\"column\">\n\t\t\t<div class=\"elementor-column-wrap elementor-element-populated\">\n\t\t\t\t\t\t\t<div class=\"elementor-widget-wrap\">\n\t\t\t\t\t\t<div class=\"elementor-element elementor-element-1f031bd elementor-widget elementor-widget-text-editor\" data-id=\"1f031bd\" data-element_type=\"widget\" data-widget_type=\"text-editor.default\">\n\t\t\t\t<div class=\"elementor-widget-container\">\n\t\t\t\t\t\t\t\t<div class=\"elementor-text-editor elementor-clearfix\">\n\t\t\t\t<p>Ein zentrales Instrument zur Aufdeckung von illegalem oder unethischem Verhalten und anderen Missst\u00e4nden in einem Unternehmen oder dessen Lieferkette ist das Vorhandensein eines Hinweisgebersystems. Mit Hilfe einer entsprechenden Meldestelle bzw. Whistleblowing Funktion k\u00f6nnen Risiken fr\u00fchzeitig erkannt und wirtschaftliche Sch\u00e4den begrenzt werden. Zudem wird eine Kultur der Offenheit gef\u00f6rdert, welche das Vertrauen von Mitarbeitenden, Gesch\u00e4ftspartnern und Kunden st\u00e4rkt.<\/p><p>Voraussetzung f\u00fcr ein wirkungsvolles Hinweisgebersystem ist dessen unabh\u00e4ngige Eingliederung in die Unternehmensorganisation. Je nach den Umst\u00e4nden kann die Auslagerung der Whistleblowing Funktion an einen externen Anbieter die Glaubw\u00fcrdigkeit und Akzeptanz des Meldesystems erh\u00f6hen.<\/p><p>Wir agieren seit vielen Jahren als externe Meldestelle von Unternehmen im Finanz-, Dienstleistungs- und Immobilienbereich und verf\u00fcgen entsprechend \u00fcber die erforderliche Erfahrung und die Prozesse f\u00fcr den erfolgreichen Betrieb eines Hinweisgebersystems.<br \/>Unser Ziel ist es, Ihnen effiziente und verst\u00e4ndliche L\u00f6sungen zu kompetitiven Preisen anzubieten. <a href=\"https:\/\/mercury.ch\/de\/ueber-uns\/kontakt\/\"><span style=\"text-decoration: underline;\">Wir freuen uns auf Ihre Kontaktaufnahme!<\/span><\/a><\/p>\t\t\t\t\t<\/div>\n\t\t\t\t\t\t<\/div>\n\t\t\t\t<\/div>\n\t\t\t\t\t\t<\/div>\n\t\t\t\t\t<\/div>\n\t\t<\/div>\n\t\t\t\t\t\t\t\t<\/div>\n\t\t\t\t\t<\/div>\n\t\t<\/section>\n\t\t\t\t\t\t\t\t\t<\/div>\n\t\t\t<\/div>\n\t\t\t\t\t<\/div>\n\t\t","protected":false},"excerpt":{"rendered":"<p>Whistleblowing Ein zentrales Instrument zur Aufdeckung von illegalem oder unethischem Verhalten und anderen Missst\u00e4nden in einem Unternehmen oder dessen Lieferkette ist das Vorhandensein eines Hinweisgebersystems. Mit Hilfe einer entsprechenden Meldestelle bzw. Whistleblowing Funktion k\u00f6nnen Risiken fr\u00fchzeitig erkannt und wirtschaftliche Sch\u00e4den begrenzt werden. Zudem wird eine Kultur der Offenheit gef\u00f6rdert, welche das Vertrauen von Mitarbeitenden, Gesch\u00e4ftspartnern &#8230; <a title=\"Whistleblowing\" class=\"read-more\" href=\"https:\/\/mercury.ch\/de\/whistleblowing\/\" aria-label=\"Mehr dazu unter Whistleblowing\">Weiterlesen<\/a><\/p>\n","protected":false},"author":1,"featured_media":0,"parent":0,"menu_order":0,"comment_status":"closed","ping_status":"closed","template":"elementor_header_footer","meta":[],"_links":{"self":[{"href":"https:\/\/mercury.ch\/de\/wp-json\/wp\/v2\/pages\/1577"}],"collection":[{"href":"https:\/\/mercury.ch\/de\/wp-json\/wp\/v2\/pages"}],"about":[{"href":"https:\/\/mercury.ch\/de\/wp-json\/wp\/v2\/types\/page"}],"author":[{"embeddable":true,"href":"https:\/\/mercury.ch\/de\/wp-json\/wp\/v2\/users\/1"}],"replies":[{"embeddable":true,"href":"https:\/\/mercury.ch\/de\/wp-json\/wp\/v2\/comments?post=1577"}],"version-history":[{"count":10,"href":"https:\/\/mercury.ch\/de\/wp-json\/wp\/v2\/pages\/1577\/revisions"}],"predecessor-version":[{"id":1593,"href":"https:\/\/mercury.ch\/de\/wp-json\/wp\/v2\/pages\/1577\/revisions\/1593"}],"wp:attachment":[{"href":"https:\/\/mercury.ch\/de\/wp-json\/wp\/v2\/media?parent=1577"}],"curies":[{"name":"wp","href":"https:\/\/api.w.org\/{rel}","templated":true}]}}