{"id":248,"date":"2019-10-12T12:51:36","date_gmt":"2019-10-12T12:51:36","guid":{"rendered":"https:\/\/de-neuste-version.mercury.ch\/de\/?page_id=248"},"modified":"2020-09-03T08:36:15","modified_gmt":"2020-09-03T08:36:15","slug":"legal-regulatory","status":"publish","type":"page","link":"https:\/\/mercury.ch\/de\/dienstleistungen\/legal-regulatory\/","title":{"rendered":"Legal Regulatory"},"content":{"rendered":"\t\t<div data-elementor-type=\"wp-page\" data-elementor-id=\"248\" class=\"elementor elementor-248\">\n\t\t\t\t\t\t<div class=\"elementor-inner\">\n\t\t\t\t<div class=\"elementor-section-wrap\">\n\t\t\t\t\t\t\t\t\t<section class=\"elementor-section elementor-top-section elementor-element elementor-element-6c52dc6f elementor-section-boxed elementor-section-height-default elementor-section-height-default\" data-id=\"6c52dc6f\" data-element_type=\"section\" data-settings=\"{&quot;background_background&quot;:&quot;classic&quot;}\">\n\t\t\t\t\t\t<div class=\"elementor-container elementor-column-gap-default\">\n\t\t\t\t\t\t\t<div class=\"elementor-row\">\n\t\t\t\t\t<div class=\"elementor-column elementor-col-100 elementor-top-column elementor-element elementor-element-76df48fa\" data-id=\"76df48fa\" data-element_type=\"column\" data-settings=\"{&quot;background_background&quot;:&quot;classic&quot;}\">\n\t\t\t<div class=\"elementor-column-wrap elementor-element-populated\">\n\t\t\t\t\t<div class=\"elementor-background-overlay\"><\/div>\n\t\t\t\t\t\t\t<div class=\"elementor-widget-wrap\">\n\t\t\t\t\t\t<div class=\"elementor-element elementor-element-2ea0526 elementor-widget-divider--view-line elementor-widget elementor-widget-divider\" data-id=\"2ea0526\" data-element_type=\"widget\" data-widget_type=\"divider.default\">\n\t\t\t\t<div class=\"elementor-widget-container\">\n\t\t\t\t\t<div class=\"elementor-divider\">\n\t\t\t<span class=\"elementor-divider-separator\">\n\t\t\t\t\t\t<\/span>\n\t\t<\/div>\n\t\t\t\t<\/div>\n\t\t\t\t<\/div>\n\t\t\t\t\t\t<\/div>\n\t\t\t\t\t<\/div>\n\t\t<\/div>\n\t\t\t\t\t\t\t\t<\/div>\n\t\t\t\t\t<\/div>\n\t\t<\/section>\n\t\t\t\t<section class=\"elementor-section elementor-top-section elementor-element elementor-element-17ddd014 elementor-section-boxed elementor-section-height-default elementor-section-height-default\" data-id=\"17ddd014\" data-element_type=\"section\">\n\t\t\t\t\t\t<div class=\"elementor-container elementor-column-gap-default\">\n\t\t\t\t\t\t\t<div class=\"elementor-row\">\n\t\t\t\t\t<div class=\"elementor-column elementor-col-100 elementor-top-column elementor-element elementor-element-a51b251\" data-id=\"a51b251\" data-element_type=\"column\">\n\t\t\t<div class=\"elementor-column-wrap elementor-element-populated\">\n\t\t\t\t\t\t\t<div class=\"elementor-widget-wrap\">\n\t\t\t\t\t\t<div class=\"elementor-element elementor-element-2bfd9275 elementor-widget elementor-widget-heading\" data-id=\"2bfd9275\" data-element_type=\"widget\" data-widget_type=\"heading.default\">\n\t\t\t\t<div class=\"elementor-widget-container\">\n\t\t\t<h2 class=\"elementor-heading-title elementor-size-default\">LEGAL & REGULATORY<\/h2>\t\t<\/div>\n\t\t\t\t<\/div>\n\t\t\t\t\t\t<\/div>\n\t\t\t\t\t<\/div>\n\t\t<\/div>\n\t\t\t\t\t\t\t\t<\/div>\n\t\t\t\t\t<\/div>\n\t\t<\/section>\n\t\t\t\t<section class=\"elementor-section elementor-top-section elementor-element elementor-element-613c540f elementor-section-boxed elementor-section-height-default elementor-section-height-default\" data-id=\"613c540f\" data-element_type=\"section\">\n\t\t\t\t\t\t<div class=\"elementor-container elementor-column-gap-default\">\n\t\t\t\t\t\t\t<div class=\"elementor-row\">\n\t\t\t\t\t<div class=\"elementor-column elementor-col-50 elementor-top-column elementor-element elementor-element-341d8d54\" data-id=\"341d8d54\" data-element_type=\"column\">\n\t\t\t<div class=\"elementor-column-wrap elementor-element-populated\">\n\t\t\t\t\t\t\t<div class=\"elementor-widget-wrap\">\n\t\t\t\t\t\t<div class=\"elementor-element elementor-element-34d3af2f elementor-widget elementor-widget-image\" data-id=\"34d3af2f\" data-element_type=\"widget\" data-widget_type=\"image.default\">\n\t\t\t\t<div class=\"elementor-widget-container\">\n\t\t\t\t\t\t\t\t<div class=\"elementor-image\">\n\t\t\t\t\t\t\t\t\t\t\t\t\t<a href=\"https:\/\/mercury.ch\/de\/wp-content\/uploads\/2019\/10\/7acce66d40ec90c2d61987b409cbf850_XL.jpg\" data-elementor-open-lightbox=\"yes\" e-action-hash=\"#elementor-action%3Aaction%3Dlightbox%26settings%3DeyJpZCI6MjU1LCJ1cmwiOiJodHRwczpcL1wvbWVyY3VyeS5jaFwvZGVcL3dwLWNvbnRlbnRcL3VwbG9hZHNcLzIwMTlcLzEwXC83YWNjZTY2ZDQwZWM5MGMyZDYxOTg3YjQwOWNiZjg1MF9YTC5qcGcifQ%3D%3D\">\n\t\t\t\t\t\t\t<img width=\"548\" height=\"1024\" src=\"https:\/\/mercury.ch\/de\/wp-content\/uploads\/2019\/10\/7acce66d40ec90c2d61987b409cbf850_XL-548x1024.jpg\" class=\"attachment-large size-large\" alt=\"\" loading=\"lazy\" srcset=\"https:\/\/mercury.ch\/de\/wp-content\/uploads\/2019\/10\/7acce66d40ec90c2d61987b409cbf850_XL-548x1024.jpg 548w, https:\/\/mercury.ch\/de\/wp-content\/uploads\/2019\/10\/7acce66d40ec90c2d61987b409cbf850_XL-161x300.jpg 161w, https:\/\/mercury.ch\/de\/wp-content\/uploads\/2019\/10\/7acce66d40ec90c2d61987b409cbf850_XL-768x1436.jpg 768w, https:\/\/mercury.ch\/de\/wp-content\/uploads\/2019\/10\/7acce66d40ec90c2d61987b409cbf850_XL.jpg 940w\" sizes=\"(max-width: 548px) 100vw, 548px\" \/>\t\t\t\t\t\t\t\t<\/a>\n\t\t\t\t\t\t\t\t\t\t\t\t\t\t<\/div>\n\t\t\t\t\t\t<\/div>\n\t\t\t\t<\/div>\n\t\t\t\t\t\t<\/div>\n\t\t\t\t\t<\/div>\n\t\t<\/div>\n\t\t\t\t<div class=\"elementor-column elementor-col-50 elementor-top-column elementor-element elementor-element-a358a56\" data-id=\"a358a56\" data-element_type=\"column\">\n\t\t\t<div class=\"elementor-column-wrap elementor-element-populated\">\n\t\t\t\t\t\t\t<div class=\"elementor-widget-wrap\">\n\t\t\t\t\t\t<div class=\"elementor-element elementor-element-307a297a elementor-widget elementor-widget-text-editor\" data-id=\"307a297a\" data-element_type=\"widget\" data-widget_type=\"text-editor.default\">\n\t\t\t\t<div class=\"elementor-widget-container\">\n\t\t\t\t\t\t\t\t<div class=\"elementor-text-editor elementor-clearfix\">\n\t\t\t\t<p>Nicht zuletzt durch die Finanzkrise nach 2008 wurde weltweit eine Regulierungswelle erheblichen Ausmasses ausgel\u00f6st. Davon erfasst sind insbesondere Finanzdienstleister wie <a href=\"https:\/\/mercury.ch\/de\/branchen\/banken\/\"><span style=\"color: #000000;\">Banken<\/span><\/a>, <a href=\"https:\/\/mercury.ch\/de\/branchen\/versicherungen\/\"><span style=\"color: #000000;\">Versicherungen<\/span><\/a> und <a href=\"https:\/\/mercury.ch\/de\/branchen\/vermoegensverwaltung\/\"><span style=\"color: #000000;\">Verm\u00f6gensverwalter<\/span><\/a>. Die zunehmende Regulierungsdichte und \u2013komplexit\u00e4t wirkt sich aber auch in anderen Wirtschaftszweigen aus, so unter anderem in der <a href=\"https:\/\/mercury.ch\/de\/branchen\/rohstoffhandel\/\"><span style=\"color: #000000;\">Rohstoff-<\/span><\/a> und <span style=\"color: #000000;\"><a href=\"https:\/\/mercury.ch\/de\/branchen\/immobilien\/\">Immobilienbranche<\/a>.<\/span><\/p><p>Nachdem das schweizerische Aufsichtsrecht bisher vergleichsweise liberal ausgestaltet war, findet zunehmend eine Anpassung an (neue) internationale Standards statt. Dies erh\u00f6ht f\u00fcr die verschiedenen Marktteilnehmer nicht nur die Komplexit\u00e4t bei der Umsetzung ihrer Strategien und Gesch\u00e4ftsprozesse, sondern auch das Compliance Risiko.<\/p><p>Wir beraten unsere Kunden in s\u00e4mtlichen Kernbereichen des Aufsichtsrechts (mit besonderem Fokus auf die schweizerische Finanzmarktregulierung) sowie bei sonstigen branchenspezifischen Rechtsfragen (z.B. im Bereich des Vertragsrechts).<\/p>\t\t\t\t\t<\/div>\n\t\t\t\t\t\t<\/div>\n\t\t\t\t<\/div>\n\t\t\t\t<div class=\"elementor-element elementor-element-4cd6ed43 elementor-widget elementor-widget-heading\" data-id=\"4cd6ed43\" data-element_type=\"widget\" data-widget_type=\"heading.default\">\n\t\t\t\t<div class=\"elementor-widget-container\">\n\t\t\t<h2 class=\"elementor-heading-title elementor-size-default\">UNSERE DIENSTLEISTUNGEN UMFASSEN:<\/h2>\t\t<\/div>\n\t\t\t\t<\/div>\n\t\t\t\t<div class=\"elementor-element elementor-element-4f6d0f1c elementor-icon-list--layout-traditional elementor-list-item-link-full_width elementor-widget elementor-widget-icon-list\" data-id=\"4f6d0f1c\" data-element_type=\"widget\" data-widget_type=\"icon-list.default\">\n\t\t\t\t<div class=\"elementor-widget-container\">\n\t\t\t\t\t<ul class=\"elementor-icon-list-items\">\n\t\t\t\t\t\t\t<li class=\"elementor-icon-list-item\">\n\t\t\t\t\t\t\t\t\t\t\t<span class=\"elementor-icon-list-icon\">\n\t\t\t\t\t\t\t<i aria-hidden=\"true\" class=\"fas fa-circle\"><\/i>\t\t\t\t\t\t<\/span>\n\t\t\t\t\t\t\t\t\t\t<span class=\"elementor-icon-list-text\">Beratung bei komplexen aufsichtsrechtlichen Fragestellungen wie z.B. im Zusammenhang mit Bewilligungsfragen, Verhaltens-und Vertriebsregeln, Geldw\u00e4schereipr\u00e4vention, cross-border Regulierung<\/span>\n\t\t\t\t\t\t\t\t\t<\/li>\n\t\t\t\t\t\t\t\t<li class=\"elementor-icon-list-item\">\n\t\t\t\t\t\t\t\t\t\t\t<span class=\"elementor-icon-list-icon\">\n\t\t\t\t\t\t\t<i aria-hidden=\"true\" class=\"fas fa-circle\"><\/i>\t\t\t\t\t\t<\/span>\n\t\t\t\t\t\t\t\t\t\t<span class=\"elementor-icon-list-text\">Interessenvertretungen gegen\u00fcber Aufsichtsbeh\u00f6rden und Selbstregulierungs- bzw. Branchenorganisationen<\/span>\n\t\t\t\t\t\t\t\t\t<\/li>\n\t\t\t\t\t\t\t\t<li class=\"elementor-icon-list-item\">\n\t\t\t\t\t\t\t\t\t\t\t<span class=\"elementor-icon-list-icon\">\n\t\t\t\t\t\t\t<i aria-hidden=\"true\" class=\"fas fa-circle\"><\/i>\t\t\t\t\t\t<\/span>\n\t\t\t\t\t\t\t\t\t\t<span class=\"elementor-icon-list-text\">Erarbeitung von Reglementen und Weisungen<\/span>\n\t\t\t\t\t\t\t\t\t<\/li>\n\t\t\t\t\t\t\t\t<li class=\"elementor-icon-list-item\">\n\t\t\t\t\t\t\t\t\t\t\t<span class=\"elementor-icon-list-icon\">\n\t\t\t\t\t\t\t<i aria-hidden=\"true\" class=\"fas fa-circle\"><\/i>\t\t\t\t\t\t<\/span>\n\t\t\t\t\t\t\t\t\t\t<span class=\"elementor-icon-list-text\">Erarbeitung von branchenspezifischen Vertr\u00e4gen wie Verm\u00f6gensverwaltungs- und Vertriebsvertr\u00e4gen, Kreditvertr\u00e4gen,  Depotvereinbarungen<\/span>\n\t\t\t\t\t\t\t\t\t<\/li>\n\t\t\t\t\t\t\t\t<li class=\"elementor-icon-list-item\">\n\t\t\t\t\t\t\t\t\t\t\t<span class=\"elementor-icon-list-icon\">\n\t\t\t\t\t\t\t<i aria-hidden=\"true\" class=\"fas fa-circle\"><\/i>\t\t\t\t\t\t<\/span>\n\t\t\t\t\t\t\t\t\t\t<span class=\"elementor-icon-list-text\">Durchf\u00fchrung von Legal- und Regulatory Due Diligences<\/span>\n\t\t\t\t\t\t\t\t\t<\/li>\n\t\t\t\t\t\t\t\t<li class=\"elementor-icon-list-item\">\n\t\t\t\t\t\t\t\t\t\t\t<span class=\"elementor-icon-list-icon\">\n\t\t\t\t\t\t\t<i aria-hidden=\"true\" class=\"fas fa-circle\"><\/i>\t\t\t\t\t\t<\/span>\n\t\t\t\t\t\t\t\t\t\t<span class=\"elementor-icon-list-text\">Erstellung von gutachterlichen Stellungnahmen zu aufsichtsrechtlichen Themen<\/span>\n\t\t\t\t\t\t\t\t\t<\/li>\n\t\t\t\t\t\t\t\t<li class=\"elementor-icon-list-item\">\n\t\t\t\t\t\t\t\t\t\t\t<a href=\"https:\/\/mercury.ch\/de\/compliance-assessment\/\">\n\n\t\t\t\t\t\t\t\t\t\t\t\t<span class=\"elementor-icon-list-icon\">\n\t\t\t\t\t\t\t<i aria-hidden=\"true\" class=\"fas fa-circle\"><\/i>\t\t\t\t\t\t<\/span>\n\t\t\t\t\t\t\t\t\t\t<span class=\"elementor-icon-list-text\">Beurteilung von Compliance Risiken und vorhandenen Compliance Prozessen<\/span>\n\t\t\t\t\t\t\t\t\t\t\t<\/a>\n\t\t\t\t\t\t\t\t\t<\/li>\n\t\t\t\t\t\t\t\t<li class=\"elementor-icon-list-item\">\n\t\t\t\t\t\t\t\t\t\t\t<a href=\"https:\/\/mercury.ch\/de\/dienstleistungen\/outsourcing-loesungen\/\">\n\n\t\t\t\t\t\t\t\t\t\t\t\t<span class=\"elementor-icon-list-icon\">\n\t\t\t\t\t\t\t<i aria-hidden=\"true\" class=\"fas fa-circle\"><\/i>\t\t\t\t\t\t<\/span>\n\t\t\t\t\t\t\t\t\t\t<span class=\"elementor-icon-list-text\">\u00dcbernahme von T\u00e4tigkeiten der Legal&Compliance-Funktion im Rahmen von Outsourcing-L\u00f6sungen<\/span>\n\t\t\t\t\t\t\t\t\t\t\t<\/a>\n\t\t\t\t\t\t\t\t\t<\/li>\n\t\t\t\t\t\t\t\t<li class=\"elementor-icon-list-item\">\n\t\t\t\t\t\t\t\t\t\t\t<a href=\"https:\/\/mercury.ch\/de\/coaching-training\/\">\n\n\t\t\t\t\t\t\t\t\t\t\t\t<span class=\"elementor-icon-list-icon\">\n\t\t\t\t\t\t\t<i aria-hidden=\"true\" class=\"fas fa-circle\"><\/i>\t\t\t\t\t\t<\/span>\n\t\t\t\t\t\t\t\t\t\t<span class=\"elementor-icon-list-text\">Durchf\u00fchrung von Schulungen zu aufsichtsrechtlichen Themen<\/span>\n\t\t\t\t\t\t\t\t\t\t\t<\/a>\n\t\t\t\t\t\t\t\t\t<\/li>\n\t\t\t\t\t\t<\/ul>\n\t\t\t\t<\/div>\n\t\t\t\t<\/div>\n\t\t\t\t<div class=\"elementor-element elementor-element-5b10e891 elementor-widget elementor-widget-text-editor\" data-id=\"5b10e891\" data-element_type=\"widget\" data-widget_type=\"text-editor.default\">\n\t\t\t\t<div class=\"elementor-widget-container\">\n\t\t\t\t\t\t\t\t<div class=\"elementor-text-editor elementor-clearfix\">\n\t\t\t\t<p>Unser Ziel ist es, Ihnen zu komplexen Problemstellungen innovative und verst\u00e4ndliche L\u00f6sungen zu kompetitiven Preisen anzubieten. Wir freuen uns auf Ihre <a href=\"https:\/\/mercury.ch\/de\/ueber-uns\/kontakt\/\">Kontaktaufnahme<\/a>!<\/p>\t\t\t\t\t<\/div>\n\t\t\t\t\t\t<\/div>\n\t\t\t\t<\/div>\n\t\t\t\t\t\t<\/div>\n\t\t\t\t\t<\/div>\n\t\t<\/div>\n\t\t\t\t\t\t\t\t<\/div>\n\t\t\t\t\t<\/div>\n\t\t<\/section>\n\t\t\t\t\t\t\t\t\t<\/div>\n\t\t\t<\/div>\n\t\t\t\t\t<\/div>\n\t\t","protected":false},"excerpt":{"rendered":"<p>LEGAL &#038; REGULATORY Nicht zuletzt durch die Finanzkrise nach 2008 wurde weltweit eine Regulierungswelle erheblichen Ausmasses ausgel\u00f6st. Davon erfasst sind insbesondere Finanzdienstleister wie Banken, Versicherungen und Verm\u00f6gensverwalter. Die zunehmende Regulierungsdichte und \u2013komplexit\u00e4t wirkt sich aber auch in anderen Wirtschaftszweigen aus, so unter anderem in der Rohstoff- und Immobilienbranche. Nachdem das schweizerische Aufsichtsrecht bisher vergleichsweise liberal &#8230; <a title=\"Legal Regulatory\" class=\"read-more\" href=\"https:\/\/mercury.ch\/de\/dienstleistungen\/legal-regulatory\/\" aria-label=\"Mehr dazu unter Legal Regulatory\">Weiterlesen<\/a><\/p>\n","protected":false},"author":1,"featured_media":0,"parent":231,"menu_order":0,"comment_status":"closed","ping_status":"closed","template":"elementor_header_footer","meta":[],"_links":{"self":[{"href":"https:\/\/mercury.ch\/de\/wp-json\/wp\/v2\/pages\/248"}],"collection":[{"href":"https:\/\/mercury.ch\/de\/wp-json\/wp\/v2\/pages"}],"about":[{"href":"https:\/\/mercury.ch\/de\/wp-json\/wp\/v2\/types\/page"}],"author":[{"embeddable":true,"href":"https:\/\/mercury.ch\/de\/wp-json\/wp\/v2\/users\/1"}],"replies":[{"embeddable":true,"href":"https:\/\/mercury.ch\/de\/wp-json\/wp\/v2\/comments?post=248"}],"version-history":[{"count":10,"href":"https:\/\/mercury.ch\/de\/wp-json\/wp\/v2\/pages\/248\/revisions"}],"predecessor-version":[{"id":652,"href":"https:\/\/mercury.ch\/de\/wp-json\/wp\/v2\/pages\/248\/revisions\/652"}],"up":[{"embeddable":true,"href":"https:\/\/mercury.ch\/de\/wp-json\/wp\/v2\/pages\/231"}],"wp:attachment":[{"href":"https:\/\/mercury.ch\/de\/wp-json\/wp\/v2\/media?parent=248"}],"curies":[{"name":"wp","href":"https:\/\/api.w.org\/{rel}","templated":true}]}}