{"id":257,"date":"2019-10-12T13:00:01","date_gmt":"2019-10-12T13:00:01","guid":{"rendered":"https:\/\/de-neuste-version.mercury.ch\/de\/?page_id=257"},"modified":"2026-02-26T13:27:07","modified_gmt":"2026-02-26T13:27:07","slug":"investigation","status":"publish","type":"page","link":"https:\/\/mercury.ch\/de\/dienstleistungen\/investigation\/","title":{"rendered":"Investigations"},"content":{"rendered":"\t\t<div data-elementor-type=\"wp-page\" data-elementor-id=\"257\" class=\"elementor elementor-257\">\n\t\t\t\t\t\t<div class=\"elementor-inner\">\n\t\t\t\t<div class=\"elementor-section-wrap\">\n\t\t\t\t\t\t\t\t\t<section class=\"elementor-section elementor-top-section elementor-element elementor-element-1f177307 elementor-section-boxed elementor-section-height-default elementor-section-height-default\" data-id=\"1f177307\" data-element_type=\"section\" data-settings=\"{&quot;background_background&quot;:&quot;classic&quot;}\">\n\t\t\t\t\t\t<div class=\"elementor-container elementor-column-gap-default\">\n\t\t\t\t\t\t\t<div class=\"elementor-row\">\n\t\t\t\t\t<div class=\"elementor-column elementor-col-100 elementor-top-column elementor-element elementor-element-37004512\" data-id=\"37004512\" data-element_type=\"column\" data-settings=\"{&quot;background_background&quot;:&quot;classic&quot;}\">\n\t\t\t<div class=\"elementor-column-wrap elementor-element-populated\">\n\t\t\t\t\t<div class=\"elementor-background-overlay\"><\/div>\n\t\t\t\t\t\t\t<div class=\"elementor-widget-wrap\">\n\t\t\t\t\t\t<div class=\"elementor-element elementor-element-69efa5ee elementor-widget-divider--view-line elementor-widget elementor-widget-divider\" data-id=\"69efa5ee\" data-element_type=\"widget\" data-widget_type=\"divider.default\">\n\t\t\t\t<div class=\"elementor-widget-container\">\n\t\t\t\t\t<div class=\"elementor-divider\">\n\t\t\t<span class=\"elementor-divider-separator\">\n\t\t\t\t\t\t<\/span>\n\t\t<\/div>\n\t\t\t\t<\/div>\n\t\t\t\t<\/div>\n\t\t\t\t\t\t<\/div>\n\t\t\t\t\t<\/div>\n\t\t<\/div>\n\t\t\t\t\t\t\t\t<\/div>\n\t\t\t\t\t<\/div>\n\t\t<\/section>\n\t\t\t\t<section class=\"elementor-section elementor-top-section elementor-element elementor-element-b310732 elementor-section-boxed elementor-section-height-default elementor-section-height-default\" data-id=\"b310732\" data-element_type=\"section\">\n\t\t\t\t\t\t<div class=\"elementor-container elementor-column-gap-default\">\n\t\t\t\t\t\t\t<div class=\"elementor-row\">\n\t\t\t\t\t<div class=\"elementor-column elementor-col-100 elementor-top-column elementor-element elementor-element-262f32d\" data-id=\"262f32d\" data-element_type=\"column\">\n\t\t\t<div class=\"elementor-column-wrap elementor-element-populated\">\n\t\t\t\t\t\t\t<div class=\"elementor-widget-wrap\">\n\t\t\t\t\t\t<div class=\"elementor-element elementor-element-b6357db elementor-widget elementor-widget-heading\" data-id=\"b6357db\" data-element_type=\"widget\" data-widget_type=\"heading.default\">\n\t\t\t\t<div class=\"elementor-widget-container\">\n\t\t\t<h2 class=\"elementor-heading-title elementor-size-default\">Investigations<\/h2>\t\t<\/div>\n\t\t\t\t<\/div>\n\t\t\t\t\t\t<\/div>\n\t\t\t\t\t<\/div>\n\t\t<\/div>\n\t\t\t\t\t\t\t\t<\/div>\n\t\t\t\t\t<\/div>\n\t\t<\/section>\n\t\t\t\t<section class=\"elementor-section elementor-top-section elementor-element elementor-element-0e320ff elementor-section-boxed elementor-section-height-default elementor-section-height-default\" data-id=\"0e320ff\" data-element_type=\"section\">\n\t\t\t\t\t\t<div class=\"elementor-container elementor-column-gap-default\">\n\t\t\t\t\t\t\t<div class=\"elementor-row\">\n\t\t\t\t\t<div class=\"elementor-column elementor-col-50 elementor-top-column elementor-element elementor-element-521cca6\" data-id=\"521cca6\" data-element_type=\"column\">\n\t\t\t<div class=\"elementor-column-wrap elementor-element-populated\">\n\t\t\t\t\t\t\t<div class=\"elementor-widget-wrap\">\n\t\t\t\t\t\t<div class=\"elementor-element elementor-element-77bb1a5 elementor-widget elementor-widget-image\" data-id=\"77bb1a5\" data-element_type=\"widget\" data-widget_type=\"image.default\">\n\t\t\t\t<div class=\"elementor-widget-container\">\n\t\t\t\t\t\t\t\t<div class=\"elementor-image\">\n\t\t\t\t\t\t\t\t\t\t\t\t\t<a href=\"https:\/\/mercury.ch\/de\/wp-content\/uploads\/2019\/10\/5cf9cad94714c5577919c266171d935c_XL.jpg\" data-elementor-open-lightbox=\"yes\" e-action-hash=\"#elementor-action%3Aaction%3Dlightbox%26settings%3DeyJpZCI6MjY0LCJ1cmwiOiJodHRwczpcL1wvbWVyY3VyeS5jaFwvZGVcL3dwLWNvbnRlbnRcL3VwbG9hZHNcLzIwMTlcLzEwXC81Y2Y5Y2FkOTQ3MTRjNTU3NzkxOWMyNjYxNzFkOTM1Y19YTC5qcGcifQ%3D%3D\">\n\t\t\t\t\t\t\t<img width=\"548\" height=\"1024\" src=\"https:\/\/mercury.ch\/de\/wp-content\/uploads\/2019\/10\/5cf9cad94714c5577919c266171d935c_XL-548x1024.jpg\" class=\"attachment-large size-large\" alt=\"\" loading=\"lazy\" srcset=\"https:\/\/mercury.ch\/de\/wp-content\/uploads\/2019\/10\/5cf9cad94714c5577919c266171d935c_XL-548x1024.jpg 548w, https:\/\/mercury.ch\/de\/wp-content\/uploads\/2019\/10\/5cf9cad94714c5577919c266171d935c_XL-161x300.jpg 161w, https:\/\/mercury.ch\/de\/wp-content\/uploads\/2019\/10\/5cf9cad94714c5577919c266171d935c_XL-768x1436.jpg 768w, https:\/\/mercury.ch\/de\/wp-content\/uploads\/2019\/10\/5cf9cad94714c5577919c266171d935c_XL.jpg 940w\" sizes=\"(max-width: 548px) 100vw, 548px\" \/>\t\t\t\t\t\t\t\t<\/a>\n\t\t\t\t\t\t\t\t\t\t\t\t\t\t<\/div>\n\t\t\t\t\t\t<\/div>\n\t\t\t\t<\/div>\n\t\t\t\t\t\t<\/div>\n\t\t\t\t\t<\/div>\n\t\t<\/div>\n\t\t\t\t<div class=\"elementor-column elementor-col-50 elementor-top-column elementor-element elementor-element-5b10019\" data-id=\"5b10019\" data-element_type=\"column\">\n\t\t\t<div class=\"elementor-column-wrap elementor-element-populated\">\n\t\t\t\t\t\t\t<div class=\"elementor-widget-wrap\">\n\t\t\t\t\t\t<div class=\"elementor-element elementor-element-95392f1 elementor-widget elementor-widget-text-editor\" data-id=\"95392f1\" data-element_type=\"widget\" data-widget_type=\"text-editor.default\">\n\t\t\t\t<div class=\"elementor-widget-container\">\n\t\t\t\t\t\t\t\t<div class=\"elementor-text-editor elementor-clearfix\">\n\t\t\t\t<p>Aus dem Fehlverhalten von Mitarbeitenden, F\u00fchrungskr\u00e4ften und Gesch\u00e4ftspartnern k\u00f6nnen sich nebst erheblichen finanziellen Sch\u00e4den auch gravierende Rechts- und Reputationsrisiken ergeben.<\/p><p>Mithilfe einer internen Untersuchung lassen sich illegales oder unethisches Verhalten, Compliance-Verst\u00f6sse und andere Missst\u00e4nde bei Unternehmen und Beh\u00f6rden ermitteln, die verantwortlichen Personen identifizieren und \u2013 falls erforderlich \u2013 die relevanten Gesch\u00e4ftsprozesse verbessern.<\/p><p>Unser Team von Rechtsanw\u00e4lten und Certified Fraud Examiners verf\u00fcgt \u00fcber langj\u00e4hrige Erfahrung in der Durchf\u00fchrung von internen Untersuchungen sowie als Untersuchungsbeauftragte im Dienste von Aufsichtsbeh\u00f6rden. Unsere Expertise umfasst dabei insbesondere die Bereiche Corporate Governance, Compliance, regulatorische Angelegenheiten und Wirtschaftskriminalit\u00e4t.<\/p><p><span style=\"color: #000000;\"><strong>WHISTLEBLOWING<\/strong><\/span><\/p><p>Ein zentrales Instrument zur Aufdeckung von Missst\u00e4nden ist das Vorhandensein eines Hinweisgebersystems. Mithilfe einer entsprechenden Meldestelle bzw. Whistleblowing-Funktion k\u00f6nnen Risiken fr\u00fchzeitig erkannt und wirtschaftliche Sch\u00e4den begrenzt werden.<\/p><p>Wir agieren seit vielen Jahren als externe Meldestelle von Unternehmen im Finanz-, Dienstleistungs- und Immobilienbereich und verf\u00fcgen somit \u00fcber die erforderliche Erfahrung und die Prozesse f\u00fcr den erfolgreichen Betrieb eines Hinweisgebersystems.<\/p>\t\t\t\t\t<\/div>\n\t\t\t\t\t\t<\/div>\n\t\t\t\t<\/div>\n\t\t\t\t<div class=\"elementor-element elementor-element-2ce705e elementor-widget elementor-widget-heading\" data-id=\"2ce705e\" data-element_type=\"widget\" data-widget_type=\"heading.default\">\n\t\t\t\t<div class=\"elementor-widget-container\">\n\t\t\t<h2 class=\"elementor-heading-title elementor-size-default\">UNSERE DIENSTLEISTUNGEN UMFASSEN:<\/h2>\t\t<\/div>\n\t\t\t\t<\/div>\n\t\t\t\t<div class=\"elementor-element elementor-element-fc90f8c elementor-icon-list--layout-traditional elementor-list-item-link-full_width elementor-widget elementor-widget-icon-list\" data-id=\"fc90f8c\" data-element_type=\"widget\" data-widget_type=\"icon-list.default\">\n\t\t\t\t<div class=\"elementor-widget-container\">\n\t\t\t\t\t<ul class=\"elementor-icon-list-items\">\n\t\t\t\t\t\t\t<li class=\"elementor-icon-list-item\">\n\t\t\t\t\t\t\t\t\t\t\t<span class=\"elementor-icon-list-icon\">\n\t\t\t\t\t\t\t<i aria-hidden=\"true\" class=\"fas fa-circle\"><\/i>\t\t\t\t\t\t<\/span>\n\t\t\t\t\t\t\t\t\t\t<span class=\"elementor-icon-list-text\">Durchf\u00fchrung von internen und externen Untersuchungen bei Unternehmen und Beh\u00f6rden<\/span>\n\t\t\t\t\t\t\t\t\t<\/li>\n\t\t\t\t\t\t\t\t<li class=\"elementor-icon-list-item\">\n\t\t\t\t\t\t\t\t\t\t\t<span class=\"elementor-icon-list-icon\">\n\t\t\t\t\t\t\t<i aria-hidden=\"true\" class=\"fas fa-circle\"><\/i>\t\t\t\t\t\t<\/span>\n\t\t\t\t\t\t\t\t\t\t<span class=\"elementor-icon-list-text\">Vertretung und Beratung von Unternehmen und Beh\u00f6rden bei Untersuchungen durch in- und ausl\u00e4ndische Aufsichts- und Strafverfolgungsbeh\u00f6rden<\/span>\n\t\t\t\t\t\t\t\t\t<\/li>\n\t\t\t\t\t\t\t\t<li class=\"elementor-icon-list-item\">\n\t\t\t\t\t\t\t\t\t\t\t<span class=\"elementor-icon-list-icon\">\n\t\t\t\t\t\t\t<i aria-hidden=\"true\" class=\"fas fa-circle\"><\/i>\t\t\t\t\t\t<\/span>\n\t\t\t\t\t\t\t\t\t\t<span class=\"elementor-icon-list-text\">Ausgestaltung und Beurteilung von Compliance Programmen<\/span>\n\t\t\t\t\t\t\t\t\t<\/li>\n\t\t\t\t\t\t\t\t<li class=\"elementor-icon-list-item\">\n\t\t\t\t\t\t\t\t\t\t\t<span class=\"elementor-icon-list-icon\">\n\t\t\t\t\t\t\t<i aria-hidden=\"true\" class=\"fas fa-circle\"><\/i>\t\t\t\t\t\t<\/span>\n\t\t\t\t\t\t\t\t\t\t<span class=\"elementor-icon-list-text\">Pr\u00e4ventionsberatung<\/span>\n\t\t\t\t\t\t\t\t\t<\/li>\n\t\t\t\t\t\t\t\t<li class=\"elementor-icon-list-item\">\n\t\t\t\t\t\t\t\t\t\t\t<span class=\"elementor-icon-list-icon\">\n\t\t\t\t\t\t\t<i aria-hidden=\"true\" class=\"fas fa-circle\"><\/i>\t\t\t\t\t\t<\/span>\n\t\t\t\t\t\t\t\t\t\t<span class=\"elementor-icon-list-text\">Erstellung von internen Weisungen<\/span>\n\t\t\t\t\t\t\t\t\t<\/li>\n\t\t\t\t\t\t\t\t<li class=\"elementor-icon-list-item\">\n\t\t\t\t\t\t\t\t\t\t\t<span class=\"elementor-icon-list-icon\">\n\t\t\t\t\t\t\t<i aria-hidden=\"true\" class=\"fas fa-circle\"><\/i>\t\t\t\t\t\t<\/span>\n\t\t\t\t\t\t\t\t\t\t<span class=\"elementor-icon-list-text\">Durchf\u00fchrung von Schulungen<\/span>\n\t\t\t\t\t\t\t\t\t<\/li>\n\t\t\t\t\t\t\t\t<li class=\"elementor-icon-list-item\">\n\t\t\t\t\t\t\t\t\t\t\t<span class=\"elementor-icon-list-icon\">\n\t\t\t\t\t\t\t<i aria-hidden=\"true\" class=\"fas fa-circle\"><\/i>\t\t\t\t\t\t<\/span>\n\t\t\t\t\t\t\t\t\t\t<span class=\"elementor-icon-list-text\">\u00dcbernahme der Whistleblowing-Funktion<\/span>\n\t\t\t\t\t\t\t\t\t<\/li>\n\t\t\t\t\t\t<\/ul>\n\t\t\t\t<\/div>\n\t\t\t\t<\/div>\n\t\t\t\t<div class=\"elementor-element elementor-element-ab532cb elementor-widget elementor-widget-text-editor\" data-id=\"ab532cb\" data-element_type=\"widget\" data-widget_type=\"text-editor.default\">\n\t\t\t\t<div class=\"elementor-widget-container\">\n\t\t\t\t\t\t\t\t<div class=\"elementor-text-editor elementor-clearfix\">\n\t\t\t\t<p>Weitere Informationen zu unserem Dienstleistungsangebot im<br \/>Bereich Investigations &amp; Whistleblowing finden Sie im<br \/>entsprechenden <a href=\"https:\/\/mercury.ch\/de\/wp-content\/uploads\/2025\/12\/20251113_Factsheet_Investigations_de.pdf\">Factsheet.<\/a><\/p><p>Unser Ziel ist es, Ihnen zu komplexen Problemstellungen<br \/>innovative und verst\u00e4ndliche L\u00f6sungen zu kompetitiven Preisen<br \/>anzubieten. Wir freuen uns auf Ihre <a href=\"https:\/\/mercury.ch\/de\/ueber-uns\/kontakt\/\">Kontaktaufnahme!<\/a><\/p><p>\u00a0<\/p>\t\t\t\t\t<\/div>\n\t\t\t\t\t\t<\/div>\n\t\t\t\t<\/div>\n\t\t\t\t<div class=\"elementor-element elementor-element-50d8bde elementor-widget elementor-widget-image\" data-id=\"50d8bde\" data-element_type=\"widget\" data-widget_type=\"image.default\">\n\t\t\t\t<div class=\"elementor-widget-container\">\n\t\t\t\t\t\t\t\t<div class=\"elementor-image\">\n\t\t\t\t\t\t\t\t\t\t\t\t\t<a href=\"https:\/\/www.credly.com\/badges\/e894eaed-9f5e-42d9-90ba-5f5c58d09eb5\/public_url\" target=\"_blank\">\n\t\t\t\t\t\t\t<img width=\"1024\" height=\"1024\" src=\"https:\/\/mercury.ch\/de\/wp-content\/uploads\/2026\/02\/certificat-1024x1024.png\" class=\"attachment-large size-large\" alt=\"\" loading=\"lazy\" srcset=\"https:\/\/mercury.ch\/de\/wp-content\/uploads\/2026\/02\/certificat.png 1024w, https:\/\/mercury.ch\/de\/wp-content\/uploads\/2026\/02\/certificat-300x300.png 300w, https:\/\/mercury.ch\/de\/wp-content\/uploads\/2026\/02\/certificat-150x150.png 150w, https:\/\/mercury.ch\/de\/wp-content\/uploads\/2026\/02\/certificat-768x768.png 768w\" sizes=\"(max-width: 1024px) 100vw, 1024px\" \/>\t\t\t\t\t\t\t\t<\/a>\n\t\t\t\t\t\t\t\t\t\t\t\t\t\t<\/div>\n\t\t\t\t\t\t<\/div>\n\t\t\t\t<\/div>\n\t\t\t\t\t\t<\/div>\n\t\t\t\t\t<\/div>\n\t\t<\/div>\n\t\t\t\t\t\t\t\t<\/div>\n\t\t\t\t\t<\/div>\n\t\t<\/section>\n\t\t\t\t\t\t\t\t\t<\/div>\n\t\t\t<\/div>\n\t\t\t\t\t<\/div>\n\t\t","protected":false},"excerpt":{"rendered":"<p>Aus dem Fehlverhalten von Mitarbeitenden, F\u00fchrungskr\u00e4ften und Gesch\u00e4ftspartnern k\u00f6nnen sich nebst erheblichen finanziellen Sch\u00e4den auch gravierende Rechts- und Reputationsrisiken ergeben. Mithilfe einer internen Untersuchung lassen sich illegales oder unethisches Verhalten, Compliance-Verst\u00f6sse und andere Missst\u00e4nde bei Unternehmen und Beh\u00f6rden ermitteln, die verantwortlichen Personen identifizieren und \u2013 falls erforderlich \u2013 die relevanten Gesch\u00e4ftsprozesse verbessern. Unser Team von &#8230; <a title=\"Investigations\" class=\"read-more\" href=\"https:\/\/mercury.ch\/de\/dienstleistungen\/investigation\/\" aria-label=\"Mehr dazu unter Investigations\">Weiterlesen<\/a><\/p>\n","protected":false},"author":1,"featured_media":0,"parent":231,"menu_order":0,"comment_status":"closed","ping_status":"closed","template":"elementor_header_footer","meta":[],"_links":{"self":[{"href":"https:\/\/mercury.ch\/de\/wp-json\/wp\/v2\/pages\/257"}],"collection":[{"href":"https:\/\/mercury.ch\/de\/wp-json\/wp\/v2\/pages"}],"about":[{"href":"https:\/\/mercury.ch\/de\/wp-json\/wp\/v2\/types\/page"}],"author":[{"embeddable":true,"href":"https:\/\/mercury.ch\/de\/wp-json\/wp\/v2\/users\/1"}],"replies":[{"embeddable":true,"href":"https:\/\/mercury.ch\/de\/wp-json\/wp\/v2\/comments?post=257"}],"version-history":[{"count":35,"href":"https:\/\/mercury.ch\/de\/wp-json\/wp\/v2\/pages\/257\/revisions"}],"predecessor-version":[{"id":1697,"href":"https:\/\/mercury.ch\/de\/wp-json\/wp\/v2\/pages\/257\/revisions\/1697"}],"up":[{"embeddable":true,"href":"https:\/\/mercury.ch\/de\/wp-json\/wp\/v2\/pages\/231"}],"wp:attachment":[{"href":"https:\/\/mercury.ch\/de\/wp-json\/wp\/v2\/media?parent=257"}],"curies":[{"name":"wp","href":"https:\/\/api.w.org\/{rel}","templated":true}]}}