{"id":278,"date":"2019-10-12T13:31:25","date_gmt":"2019-10-12T13:31:25","guid":{"rendered":"https:\/\/de-neuste-version.mercury.ch\/de\/?page_id=278"},"modified":"2020-09-07T13:52:18","modified_gmt":"2020-09-07T13:52:18","slug":"vermoegensverwaltung","status":"publish","type":"page","link":"https:\/\/mercury.ch\/de\/branchen\/vermoegensverwaltung\/","title":{"rendered":"Verm\u00f6gensverwaltung"},"content":{"rendered":"\t\t<div data-elementor-type=\"wp-page\" data-elementor-id=\"278\" class=\"elementor elementor-278\">\n\t\t\t\t\t\t<div class=\"elementor-inner\">\n\t\t\t\t<div class=\"elementor-section-wrap\">\n\t\t\t\t\t\t\t\t\t<section class=\"elementor-section elementor-top-section elementor-element elementor-element-760484e0 elementor-section-boxed elementor-section-height-default elementor-section-height-default\" data-id=\"760484e0\" data-element_type=\"section\" data-settings=\"{&quot;background_background&quot;:&quot;classic&quot;}\">\n\t\t\t\t\t\t<div class=\"elementor-container elementor-column-gap-default\">\n\t\t\t\t\t\t\t<div class=\"elementor-row\">\n\t\t\t\t\t<div class=\"elementor-column elementor-col-100 elementor-top-column elementor-element elementor-element-fe8b4f\" data-id=\"fe8b4f\" data-element_type=\"column\" data-settings=\"{&quot;background_background&quot;:&quot;classic&quot;}\">\n\t\t\t<div class=\"elementor-column-wrap elementor-element-populated\">\n\t\t\t\t\t<div class=\"elementor-background-overlay\"><\/div>\n\t\t\t\t\t\t\t<div class=\"elementor-widget-wrap\">\n\t\t\t\t\t\t<div class=\"elementor-element elementor-element-447ee47c elementor-widget-divider--view-line elementor-widget elementor-widget-divider\" data-id=\"447ee47c\" data-element_type=\"widget\" data-widget_type=\"divider.default\">\n\t\t\t\t<div class=\"elementor-widget-container\">\n\t\t\t\t\t<div class=\"elementor-divider\">\n\t\t\t<span class=\"elementor-divider-separator\">\n\t\t\t\t\t\t<\/span>\n\t\t<\/div>\n\t\t\t\t<\/div>\n\t\t\t\t<\/div>\n\t\t\t\t\t\t<\/div>\n\t\t\t\t\t<\/div>\n\t\t<\/div>\n\t\t\t\t\t\t\t\t<\/div>\n\t\t\t\t\t<\/div>\n\t\t<\/section>\n\t\t\t\t<section class=\"elementor-section elementor-top-section elementor-element elementor-element-6a64ca29 elementor-section-boxed elementor-section-height-default elementor-section-height-default\" data-id=\"6a64ca29\" data-element_type=\"section\">\n\t\t\t\t\t\t<div class=\"elementor-container elementor-column-gap-default\">\n\t\t\t\t\t\t\t<div class=\"elementor-row\">\n\t\t\t\t\t<div class=\"elementor-column elementor-col-100 elementor-top-column elementor-element elementor-element-db42c66\" data-id=\"db42c66\" data-element_type=\"column\">\n\t\t\t<div class=\"elementor-column-wrap elementor-element-populated\">\n\t\t\t\t\t\t\t<div class=\"elementor-widget-wrap\">\n\t\t\t\t\t\t<div class=\"elementor-element elementor-element-465e64fb elementor-widget elementor-widget-heading\" data-id=\"465e64fb\" data-element_type=\"widget\" data-widget_type=\"heading.default\">\n\t\t\t\t<div class=\"elementor-widget-container\">\n\t\t\t<h2 class=\"elementor-heading-title elementor-size-default\">VERM\u00d6GENSVERWALTUNG<\/h2>\t\t<\/div>\n\t\t\t\t<\/div>\n\t\t\t\t\t\t<\/div>\n\t\t\t\t\t<\/div>\n\t\t<\/div>\n\t\t\t\t\t\t\t\t<\/div>\n\t\t\t\t\t<\/div>\n\t\t<\/section>\n\t\t\t\t<section class=\"elementor-section elementor-top-section elementor-element elementor-element-666dd920 elementor-section-boxed elementor-section-height-default elementor-section-height-default\" data-id=\"666dd920\" data-element_type=\"section\">\n\t\t\t\t\t\t<div class=\"elementor-container elementor-column-gap-default\">\n\t\t\t\t\t\t\t<div class=\"elementor-row\">\n\t\t\t\t\t<div class=\"elementor-column elementor-col-50 elementor-top-column elementor-element elementor-element-4c5db9d1\" data-id=\"4c5db9d1\" data-element_type=\"column\">\n\t\t\t<div class=\"elementor-column-wrap elementor-element-populated\">\n\t\t\t\t\t\t\t<div class=\"elementor-widget-wrap\">\n\t\t\t\t\t\t<div class=\"elementor-element elementor-element-40ebd8 elementor-widget elementor-widget-image\" data-id=\"40ebd8\" data-element_type=\"widget\" data-widget_type=\"image.default\">\n\t\t\t\t<div class=\"elementor-widget-container\">\n\t\t\t\t\t\t\t\t<div class=\"elementor-image\">\n\t\t\t\t\t\t\t\t\t\t\t\t\t<a href=\"https:\/\/mercury.ch\/de\/wp-content\/uploads\/2019\/10\/9f6d22dec5a20bcdd01cd84e98637764_XL.jpg\" data-elementor-open-lightbox=\"yes\" e-action-hash=\"#elementor-action%3Aaction%3Dlightbox%26settings%3DeyJpZCI6MjgwLCJ1cmwiOiJodHRwczpcL1wvbWVyY3VyeS5jaFwvZGVcL3dwLWNvbnRlbnRcL3VwbG9hZHNcLzIwMTlcLzEwXC85ZjZkMjJkZWM1YTIwYmNkZDAxY2Q4NGU5ODYzNzc2NF9YTC5qcGcifQ%3D%3D\">\n\t\t\t\t\t\t\t<img width=\"940\" height=\"602\" src=\"https:\/\/mercury.ch\/de\/wp-content\/uploads\/2019\/10\/9f6d22dec5a20bcdd01cd84e98637764_XL.jpg\" class=\"attachment-large size-large\" alt=\"\" loading=\"lazy\" srcset=\"https:\/\/mercury.ch\/de\/wp-content\/uploads\/2019\/10\/9f6d22dec5a20bcdd01cd84e98637764_XL.jpg 940w, https:\/\/mercury.ch\/de\/wp-content\/uploads\/2019\/10\/9f6d22dec5a20bcdd01cd84e98637764_XL-300x192.jpg 300w, https:\/\/mercury.ch\/de\/wp-content\/uploads\/2019\/10\/9f6d22dec5a20bcdd01cd84e98637764_XL-768x492.jpg 768w\" sizes=\"(max-width: 940px) 100vw, 940px\" \/>\t\t\t\t\t\t\t\t<\/a>\n\t\t\t\t\t\t\t\t\t\t\t\t\t\t<\/div>\n\t\t\t\t\t\t<\/div>\n\t\t\t\t<\/div>\n\t\t\t\t\t\t<\/div>\n\t\t\t\t\t<\/div>\n\t\t<\/div>\n\t\t\t\t<div class=\"elementor-column elementor-col-50 elementor-top-column elementor-element elementor-element-18bcf2dc\" data-id=\"18bcf2dc\" data-element_type=\"column\">\n\t\t\t<div class=\"elementor-column-wrap elementor-element-populated\">\n\t\t\t\t\t\t\t<div class=\"elementor-widget-wrap\">\n\t\t\t\t\t\t<div class=\"elementor-element elementor-element-1fb6377b elementor-widget elementor-widget-text-editor\" data-id=\"1fb6377b\" data-element_type=\"widget\" data-widget_type=\"text-editor.default\">\n\t\t\t\t<div class=\"elementor-widget-container\">\n\t\t\t\t\t\t\t\t<div class=\"elementor-text-editor elementor-clearfix\">\n\t\t\t\t<p>Nachdem das verwaltete Verm\u00f6gen (AuM) jahrelang gestiegen war und gleichzeitig ansehnliche Margen erzielt werden konnten, sieht sich die Verm\u00f6gensverwaltungsbranche heute mit zunehmendem Kostendruck, erh\u00f6hten Transparenzanforderungen und einem massiven Regulierungsschub konfrontiert.<\/p><p>Die Finanzmarktgesetze nehmen dabei verschiedene im Bereich der Verm\u00f6gensverwaltung t\u00e4tige Akteure in die Pflicht, indem sie Bewilligungs- und Genehmigungspflichten, Verhaltens- und Vertriebsregeln sowie weitere Vorgaben zur Gesch\u00e4ftst\u00e4tigkeit aufstellen.<\/p><p>Wir unterst\u00fctzen unsere Kunden bei der Beurteilung und Umsetzung der f\u00fcr sie relevanten Vorschriften und bieten ihnen hierf\u00fcr massgeschneiderte L\u00f6sungen an, damit Sie sich voll auf Ihr Kerngesch\u00e4ft konzentrieren k\u00f6nnen.<\/p>\t\t\t\t\t<\/div>\n\t\t\t\t\t\t<\/div>\n\t\t\t\t<\/div>\n\t\t\t\t\t\t<\/div>\n\t\t\t\t\t<\/div>\n\t\t<\/div>\n\t\t\t\t\t\t\t\t<\/div>\n\t\t\t\t\t<\/div>\n\t\t<\/section>\n\t\t\t\t<section class=\"elementor-section elementor-top-section elementor-element elementor-element-43246fbd elementor-section-boxed elementor-section-height-default elementor-section-height-default\" data-id=\"43246fbd\" data-element_type=\"section\">\n\t\t\t\t\t\t<div class=\"elementor-container elementor-column-gap-default\">\n\t\t\t\t\t\t\t<div class=\"elementor-row\">\n\t\t\t\t\t<div class=\"elementor-column elementor-col-100 elementor-top-column elementor-element elementor-element-17b58595\" data-id=\"17b58595\" data-element_type=\"column\">\n\t\t\t<div class=\"elementor-column-wrap elementor-element-populated\">\n\t\t\t\t\t\t\t<div class=\"elementor-widget-wrap\">\n\t\t\t\t\t\t<div class=\"elementor-element elementor-element-6b271173 elementor-widget elementor-widget-heading\" data-id=\"6b271173\" data-element_type=\"widget\" data-widget_type=\"heading.default\">\n\t\t\t\t<div class=\"elementor-widget-container\">\n\t\t\t<h2 class=\"elementor-heading-title elementor-size-default\">UNSERE DIENSTLEISTUNGEN UMFASSEN:<\/h2>\t\t<\/div>\n\t\t\t\t<\/div>\n\t\t\t\t<div class=\"elementor-element elementor-element-1b8f6f2b elementor-icon-list--layout-traditional elementor-list-item-link-full_width elementor-widget elementor-widget-icon-list\" data-id=\"1b8f6f2b\" data-element_type=\"widget\" data-widget_type=\"icon-list.default\">\n\t\t\t\t<div class=\"elementor-widget-container\">\n\t\t\t\t\t<ul class=\"elementor-icon-list-items\">\n\t\t\t\t\t\t\t<li class=\"elementor-icon-list-item\">\n\t\t\t\t\t\t\t\t\t\t\t<a href=\"https:\/\/mercury.ch\/de\/dienstleistungen\/legal-regulatory\/\">\n\n\t\t\t\t\t\t\t\t\t\t\t\t<span class=\"elementor-icon-list-icon\">\n\t\t\t\t\t\t\t<i aria-hidden=\"true\" class=\"fas fa-circle\"><\/i>\t\t\t\t\t\t<\/span>\n\t\t\t\t\t\t\t\t\t\t<span class=\"elementor-icon-list-text\">Rechtliche und regulatorische Beratung zu branchenrelevanten Themen wie z.B. im Zusammenhang mit Bewilligungsfragen, Lancierung und Vertrieb von kollektiven Kapitalanlagen und strukturierten Produkten, cross-border Gesch\u00e4ft, Geldw\u00e4schereipr\u00e4vention<\/span>\n\t\t\t\t\t\t\t\t\t\t\t<\/a>\n\t\t\t\t\t\t\t\t\t<\/li>\n\t\t\t\t\t\t\t\t<li class=\"elementor-icon-list-item\">\n\t\t\t\t\t\t\t\t\t\t\t<span class=\"elementor-icon-list-icon\">\n\t\t\t\t\t\t\t<i aria-hidden=\"true\" class=\"fas fa-circle\"><\/i>\t\t\t\t\t\t<\/span>\n\t\t\t\t\t\t\t\t\t\t<span class=\"elementor-icon-list-text\">FINMA-Bewilligungsgesuche f\u00fcr kollektive Kapitalanlagen und deren Funktionstr\u00e4ger wie Depotbanken, Fondsleitungen, Verm\u00f6gensverwalter, Vertreter und Vertriebstr\u00e4ger<\/span>\n\t\t\t\t\t\t\t\t\t<\/li>\n\t\t\t\t\t\t\t\t<li class=\"elementor-icon-list-item\">\n\t\t\t\t\t\t\t\t\t\t\t<span class=\"elementor-icon-list-icon\">\n\t\t\t\t\t\t\t<i aria-hidden=\"true\" class=\"fas fa-circle\"><\/i>\t\t\t\t\t\t<\/span>\n\t\t\t\t\t\t\t\t\t\t<span class=\"elementor-icon-list-text\">Anschlussverfahren an Selbstregulierungs- bzw. Branchenorganisationen<\/span>\n\t\t\t\t\t\t\t\t\t<\/li>\n\t\t\t\t\t\t\t\t<li class=\"elementor-icon-list-item\">\n\t\t\t\t\t\t\t\t\t\t\t<span class=\"elementor-icon-list-icon\">\n\t\t\t\t\t\t\t<i aria-hidden=\"true\" class=\"fas fa-circle\"><\/i>\t\t\t\t\t\t<\/span>\n\t\t\t\t\t\t\t\t\t\t<span class=\"elementor-icon-list-text\">Interessenvertretung gegen\u00fcber Aufsichtsbeh\u00f6rden und Selbstregulierungs- bzw. Branchenorganisationen<\/span>\n\t\t\t\t\t\t\t\t\t<\/li>\n\t\t\t\t\t\t\t\t<li class=\"elementor-icon-list-item\">\n\t\t\t\t\t\t\t\t\t\t\t<a href=\"https:\/\/mercury.ch\/de\/dienstleistungen\/compliance\/\">\n\n\t\t\t\t\t\t\t\t\t\t\t\t<span class=\"elementor-icon-list-icon\">\n\t\t\t\t\t\t\t<i aria-hidden=\"true\" class=\"fas fa-circle\"><\/i>\t\t\t\t\t\t<\/span>\n\t\t\t\t\t\t\t\t\t\t<span class=\"elementor-icon-list-text\">Beurteilung der Compliance Risiken und vorhandenen Compliance Prozesse<\/span>\n\t\t\t\t\t\t\t\t\t\t\t<\/a>\n\t\t\t\t\t\t\t\t\t<\/li>\n\t\t\t\t\t\t\t\t<li class=\"elementor-icon-list-item\">\n\t\t\t\t\t\t\t\t\t\t\t<a href=\"https:\/\/mercury.ch\/de\/dienstleistungen\/outsourcing-loesungen\/\">\n\n\t\t\t\t\t\t\t\t\t\t\t\t<span class=\"elementor-icon-list-icon\">\n\t\t\t\t\t\t\t<i aria-hidden=\"true\" class=\"fas fa-circle\"><\/i>\t\t\t\t\t\t<\/span>\n\t\t\t\t\t\t\t\t\t\t<span class=\"elementor-icon-list-text\">\u00dcbernahme von Compliance-T\u00e4tigkeiten im Rahmen von Outsourcing-L\u00f6sungen<\/span>\n\t\t\t\t\t\t\t\t\t\t\t<\/a>\n\t\t\t\t\t\t\t\t\t<\/li>\n\t\t\t\t\t\t\t\t<li class=\"elementor-icon-list-item\">\n\t\t\t\t\t\t\t\t\t\t\t<span class=\"elementor-icon-list-icon\">\n\t\t\t\t\t\t\t<i aria-hidden=\"true\" class=\"fas fa-circle\"><\/i>\t\t\t\t\t\t<\/span>\n\t\t\t\t\t\t\t\t\t\t<span class=\"elementor-icon-list-text\">Erarbeitung von Reglementen und Weisungen<\/span>\n\t\t\t\t\t\t\t\t\t<\/li>\n\t\t\t\t\t\t\t\t<li class=\"elementor-icon-list-item\">\n\t\t\t\t\t\t\t\t\t\t\t<span class=\"elementor-icon-list-icon\">\n\t\t\t\t\t\t\t<i aria-hidden=\"true\" class=\"fas fa-circle\"><\/i>\t\t\t\t\t\t<\/span>\n\t\t\t\t\t\t\t\t\t\t<span class=\"elementor-icon-list-text\">Erarbeitung von branchenspezifischen Vertr\u00e4gen wie z.B. Verm\u00f6gensverwaltungs- und Vertriebsvertr\u00e4gen<\/span>\n\t\t\t\t\t\t\t\t\t<\/li>\n\t\t\t\t\t\t\t\t<li class=\"elementor-icon-list-item\">\n\t\t\t\t\t\t\t\t\t\t\t<span class=\"elementor-icon-list-icon\">\n\t\t\t\t\t\t\t<i aria-hidden=\"true\" class=\"fas fa-circle\"><\/i>\t\t\t\t\t\t<\/span>\n\t\t\t\t\t\t\t\t\t\t<span class=\"elementor-icon-list-text\">Durchf\u00fchrung von Legal- und Regulatory Due Diligences<\/span>\n\t\t\t\t\t\t\t\t\t<\/li>\n\t\t\t\t\t\t\t\t<li class=\"elementor-icon-list-item\">\n\t\t\t\t\t\t\t\t\t\t\t<a href=\"http:\/\/coaching\">\n\n\t\t\t\t\t\t\t\t\t\t\t\t<span class=\"elementor-icon-list-icon\">\n\t\t\t\t\t\t\t<i aria-hidden=\"true\" class=\"fas fa-circle\"><\/i>\t\t\t\t\t\t<\/span>\n\t\t\t\t\t\t\t\t\t\t<span class=\"elementor-icon-list-text\">Durchf\u00fchrung von Schulungen zu aufsichtsrechtlichen Themen <\/span>\n\t\t\t\t\t\t\t\t\t\t\t<\/a>\n\t\t\t\t\t\t\t\t\t<\/li>\n\t\t\t\t\t\t<\/ul>\n\t\t\t\t<\/div>\n\t\t\t\t<\/div>\n\t\t\t\t<div class=\"elementor-element elementor-element-4b464678 elementor-widget elementor-widget-text-editor\" data-id=\"4b464678\" data-element_type=\"widget\" data-widget_type=\"text-editor.default\">\n\t\t\t\t<div class=\"elementor-widget-container\">\n\t\t\t\t\t\t\t\t<div class=\"elementor-text-editor elementor-clearfix\">\n\t\t\t\t<p>Unser Ziel ist es, Ihnen zu komplexen Problemstellungen innovative und verst\u00e4ndliche L\u00f6sungen zu kompetitiven Preisen anzubieten. Wir freuen uns auf ihre <a href=\"https:\/\/mercury.ch\/de\/ueber-uns\/kontakt\/\">Kontaktaufnahme<\/a>!<\/p>\t\t\t\t\t<\/div>\n\t\t\t\t\t\t<\/div>\n\t\t\t\t<\/div>\n\t\t\t\t\t\t<\/div>\n\t\t\t\t\t<\/div>\n\t\t<\/div>\n\t\t\t\t\t\t\t\t<\/div>\n\t\t\t\t\t<\/div>\n\t\t<\/section>\n\t\t\t\t\t\t\t\t\t<\/div>\n\t\t\t<\/div>\n\t\t\t\t\t<\/div>\n\t\t","protected":false},"excerpt":{"rendered":"<p>VERM\u00d6GENSVERWALTUNG Nachdem das verwaltete Verm\u00f6gen (AuM) jahrelang gestiegen war und gleichzeitig ansehnliche Margen erzielt werden konnten, sieht sich die Verm\u00f6gensverwaltungsbranche heute mit zunehmendem Kostendruck, erh\u00f6hten Transparenzanforderungen und einem massiven Regulierungsschub konfrontiert. Die Finanzmarktgesetze nehmen dabei verschiedene im Bereich der Verm\u00f6gensverwaltung t\u00e4tige Akteure in die Pflicht, indem sie Bewilligungs- und Genehmigungspflichten, Verhaltens- und Vertriebsregeln sowie weitere &#8230; <a title=\"Verm\u00f6gensverwaltung\" class=\"read-more\" href=\"https:\/\/mercury.ch\/de\/branchen\/vermoegensverwaltung\/\" aria-label=\"Mehr dazu unter Verm\u00f6gensverwaltung\">Weiterlesen<\/a><\/p>\n","protected":false},"author":1,"featured_media":0,"parent":500,"menu_order":0,"comment_status":"closed","ping_status":"closed","template":"elementor_header_footer","meta":[],"_links":{"self":[{"href":"https:\/\/mercury.ch\/de\/wp-json\/wp\/v2\/pages\/278"}],"collection":[{"href":"https:\/\/mercury.ch\/de\/wp-json\/wp\/v2\/pages"}],"about":[{"href":"https:\/\/mercury.ch\/de\/wp-json\/wp\/v2\/types\/page"}],"author":[{"embeddable":true,"href":"https:\/\/mercury.ch\/de\/wp-json\/wp\/v2\/users\/1"}],"replies":[{"embeddable":true,"href":"https:\/\/mercury.ch\/de\/wp-json\/wp\/v2\/comments?post=278"}],"version-history":[{"count":7,"href":"https:\/\/mercury.ch\/de\/wp-json\/wp\/v2\/pages\/278\/revisions"}],"predecessor-version":[{"id":658,"href":"https:\/\/mercury.ch\/de\/wp-json\/wp\/v2\/pages\/278\/revisions\/658"}],"up":[{"embeddable":true,"href":"https:\/\/mercury.ch\/de\/wp-json\/wp\/v2\/pages\/500"}],"wp:attachment":[{"href":"https:\/\/mercury.ch\/de\/wp-json\/wp\/v2\/media?parent=278"}],"curies":[{"name":"wp","href":"https:\/\/api.w.org\/{rel}","templated":true}]}}