{"id":294,"date":"2019-10-12T13:43:53","date_gmt":"2019-10-12T13:43:53","guid":{"rendered":"https:\/\/de-neuste-version.mercury.ch\/de\/?page_id=294"},"modified":"2020-02-04T16:29:40","modified_gmt":"2020-02-04T16:29:40","slug":"immobilien","status":"publish","type":"page","link":"https:\/\/mercury.ch\/de\/branchen\/immobilien\/","title":{"rendered":"Immobilien"},"content":{"rendered":"\t\t<div data-elementor-type=\"wp-page\" data-elementor-id=\"294\" class=\"elementor elementor-294\">\n\t\t\t\t\t\t<div class=\"elementor-inner\">\n\t\t\t\t<div class=\"elementor-section-wrap\">\n\t\t\t\t\t\t\t\t\t<section class=\"elementor-section elementor-top-section elementor-element elementor-element-1a97c173 elementor-section-boxed elementor-section-height-default elementor-section-height-default\" data-id=\"1a97c173\" data-element_type=\"section\" data-settings=\"{&quot;background_background&quot;:&quot;classic&quot;}\">\n\t\t\t\t\t\t<div class=\"elementor-container elementor-column-gap-default\">\n\t\t\t\t\t\t\t<div class=\"elementor-row\">\n\t\t\t\t\t<div class=\"elementor-column elementor-col-100 elementor-top-column elementor-element elementor-element-7df49d87\" data-id=\"7df49d87\" data-element_type=\"column\" data-settings=\"{&quot;background_background&quot;:&quot;classic&quot;}\">\n\t\t\t<div class=\"elementor-column-wrap elementor-element-populated\">\n\t\t\t\t\t<div class=\"elementor-background-overlay\"><\/div>\n\t\t\t\t\t\t\t<div class=\"elementor-widget-wrap\">\n\t\t\t\t\t\t<div class=\"elementor-element elementor-element-4b29aaf8 elementor-widget-divider--view-line elementor-widget elementor-widget-divider\" data-id=\"4b29aaf8\" data-element_type=\"widget\" data-widget_type=\"divider.default\">\n\t\t\t\t<div class=\"elementor-widget-container\">\n\t\t\t\t\t<div class=\"elementor-divider\">\n\t\t\t<span class=\"elementor-divider-separator\">\n\t\t\t\t\t\t<\/span>\n\t\t<\/div>\n\t\t\t\t<\/div>\n\t\t\t\t<\/div>\n\t\t\t\t\t\t<\/div>\n\t\t\t\t\t<\/div>\n\t\t<\/div>\n\t\t\t\t\t\t\t\t<\/div>\n\t\t\t\t\t<\/div>\n\t\t<\/section>\n\t\t\t\t<section class=\"elementor-section elementor-top-section elementor-element elementor-element-480d8077 elementor-section-boxed elementor-section-height-default elementor-section-height-default\" data-id=\"480d8077\" data-element_type=\"section\">\n\t\t\t\t\t\t<div class=\"elementor-container elementor-column-gap-default\">\n\t\t\t\t\t\t\t<div class=\"elementor-row\">\n\t\t\t\t\t<div class=\"elementor-column elementor-col-100 elementor-top-column elementor-element elementor-element-1dad216a\" data-id=\"1dad216a\" data-element_type=\"column\">\n\t\t\t<div class=\"elementor-column-wrap elementor-element-populated\">\n\t\t\t\t\t\t\t<div class=\"elementor-widget-wrap\">\n\t\t\t\t\t\t<div class=\"elementor-element elementor-element-7bfbb9e5 elementor-widget elementor-widget-heading\" data-id=\"7bfbb9e5\" data-element_type=\"widget\" data-widget_type=\"heading.default\">\n\t\t\t\t<div class=\"elementor-widget-container\">\n\t\t\t<h2 class=\"elementor-heading-title elementor-size-default\">IMMOBILIEN<\/h2>\t\t<\/div>\n\t\t\t\t<\/div>\n\t\t\t\t\t\t<\/div>\n\t\t\t\t\t<\/div>\n\t\t<\/div>\n\t\t\t\t\t\t\t\t<\/div>\n\t\t\t\t\t<\/div>\n\t\t<\/section>\n\t\t\t\t<section class=\"elementor-section elementor-top-section elementor-element elementor-element-28729f6d elementor-section-boxed elementor-section-height-default elementor-section-height-default\" data-id=\"28729f6d\" data-element_type=\"section\">\n\t\t\t\t\t\t<div class=\"elementor-container elementor-column-gap-default\">\n\t\t\t\t\t\t\t<div class=\"elementor-row\">\n\t\t\t\t\t<div class=\"elementor-column elementor-col-50 elementor-top-column elementor-element elementor-element-1ab96e46\" data-id=\"1ab96e46\" data-element_type=\"column\">\n\t\t\t<div class=\"elementor-column-wrap elementor-element-populated\">\n\t\t\t\t\t\t\t<div class=\"elementor-widget-wrap\">\n\t\t\t\t\t\t<div class=\"elementor-element elementor-element-37bcd380 elementor-widget elementor-widget-image\" data-id=\"37bcd380\" data-element_type=\"widget\" data-widget_type=\"image.default\">\n\t\t\t\t<div class=\"elementor-widget-container\">\n\t\t\t\t\t\t\t\t<div class=\"elementor-image\">\n\t\t\t\t\t\t\t\t\t\t\t\t\t<a href=\"https:\/\/mercury.ch\/de\/wp-content\/uploads\/2019\/10\/5d9bd784bfd234610bf8ba15e7ad6a4e_XL.jpg\" data-elementor-open-lightbox=\"yes\" e-action-hash=\"#elementor-action%3Aaction%3Dlightbox%26settings%3DeyJpZCI6Mjk2LCJ1cmwiOiJodHRwczpcL1wvbWVyY3VyeS5jaFwvZGVcL3dwLWNvbnRlbnRcL3VwbG9hZHNcLzIwMTlcLzEwXC81ZDliZDc4NGJmZDIzNDYxMGJmOGJhMTVlN2FkNmE0ZV9YTC5qcGcifQ%3D%3D\">\n\t\t\t\t\t\t\t<img width=\"940\" height=\"602\" src=\"https:\/\/mercury.ch\/de\/wp-content\/uploads\/2019\/10\/5d9bd784bfd234610bf8ba15e7ad6a4e_XL.jpg\" class=\"attachment-large size-large\" alt=\"\" loading=\"lazy\" srcset=\"https:\/\/mercury.ch\/de\/wp-content\/uploads\/2019\/10\/5d9bd784bfd234610bf8ba15e7ad6a4e_XL.jpg 940w, https:\/\/mercury.ch\/de\/wp-content\/uploads\/2019\/10\/5d9bd784bfd234610bf8ba15e7ad6a4e_XL-300x192.jpg 300w, https:\/\/mercury.ch\/de\/wp-content\/uploads\/2019\/10\/5d9bd784bfd234610bf8ba15e7ad6a4e_XL-768x492.jpg 768w\" sizes=\"(max-width: 940px) 100vw, 940px\" \/>\t\t\t\t\t\t\t\t<\/a>\n\t\t\t\t\t\t\t\t\t\t\t\t\t\t<\/div>\n\t\t\t\t\t\t<\/div>\n\t\t\t\t<\/div>\n\t\t\t\t\t\t<\/div>\n\t\t\t\t\t<\/div>\n\t\t<\/div>\n\t\t\t\t<div class=\"elementor-column elementor-col-50 elementor-top-column elementor-element elementor-element-6058042d\" data-id=\"6058042d\" data-element_type=\"column\">\n\t\t\t<div class=\"elementor-column-wrap elementor-element-populated\">\n\t\t\t\t\t\t\t<div class=\"elementor-widget-wrap\">\n\t\t\t\t\t\t<div class=\"elementor-element elementor-element-63cacfc0 elementor-widget elementor-widget-text-editor\" data-id=\"63cacfc0\" data-element_type=\"widget\" data-widget_type=\"text-editor.default\">\n\t\t\t\t<div class=\"elementor-widget-container\">\n\t\t\t\t\t\t\t\t<div class=\"elementor-text-editor elementor-clearfix\">\n\t\t\t\t<p>Der Schweizer Immobilienmarkt zeigt sich in beneidenswerter Verfassung, und Anlagen in Immobilienwerte stehen bei institutionellen wie auch bei privaten Anlegern hoch im Kurs. Nach wie vor steigende Immobilienpreise und hohe Transaktionsvolumen f\u00fchren aber auch zu erh\u00f6hten Rechts- und Reputationsrisiken. Forderungen nach verst\u00e4rkter Regulierung der Immobilienbranche nehmen zu. Im Vordergrund des Interesses stehen die Unterstellung der Branche unter das Geldw\u00e4schereigesetz und die Bek\u00e4mpfung der Korruption.<\/p><p>Vor diesem Hintergrund ist auch f\u00fcr die Immobilienbranche eine effiziente Compliance Organisation angezeigt. Gesch\u00e4ftsprozesse m\u00fcssen \u00fcberpr\u00fcft werden und es gilt vorausschauend notwendige Anpassungen vorzunehmen.<\/p><p>Mit unseren hoch qualifizierten Mitarbeitern und unserer breiten Erfahrung helfen wir Ihnen den neuen Anforderungen gerecht zu werden.<\/p>\t\t\t\t\t<\/div>\n\t\t\t\t\t\t<\/div>\n\t\t\t\t<\/div>\n\t\t\t\t\t\t<\/div>\n\t\t\t\t\t<\/div>\n\t\t<\/div>\n\t\t\t\t\t\t\t\t<\/div>\n\t\t\t\t\t<\/div>\n\t\t<\/section>\n\t\t\t\t<section class=\"elementor-section elementor-top-section elementor-element elementor-element-2d527819 elementor-section-boxed elementor-section-height-default elementor-section-height-default\" data-id=\"2d527819\" data-element_type=\"section\">\n\t\t\t\t\t\t<div class=\"elementor-container elementor-column-gap-default\">\n\t\t\t\t\t\t\t<div class=\"elementor-row\">\n\t\t\t\t\t<div class=\"elementor-column elementor-col-100 elementor-top-column elementor-element elementor-element-137c0791\" data-id=\"137c0791\" data-element_type=\"column\">\n\t\t\t<div class=\"elementor-column-wrap elementor-element-populated\">\n\t\t\t\t\t\t\t<div class=\"elementor-widget-wrap\">\n\t\t\t\t\t\t<div class=\"elementor-element elementor-element-768a89f6 elementor-widget elementor-widget-heading\" data-id=\"768a89f6\" data-element_type=\"widget\" data-widget_type=\"heading.default\">\n\t\t\t\t<div class=\"elementor-widget-container\">\n\t\t\t<h2 class=\"elementor-heading-title elementor-size-default\">UNSERE DIENSTLEISTUNGEN UMFASSEN:<\/h2>\t\t<\/div>\n\t\t\t\t<\/div>\n\t\t\t\t<div class=\"elementor-element elementor-element-264a18ea elementor-icon-list--layout-traditional elementor-list-item-link-full_width elementor-widget elementor-widget-icon-list\" data-id=\"264a18ea\" data-element_type=\"widget\" data-widget_type=\"icon-list.default\">\n\t\t\t\t<div class=\"elementor-widget-container\">\n\t\t\t\t\t<ul class=\"elementor-icon-list-items\">\n\t\t\t\t\t\t\t<li class=\"elementor-icon-list-item\">\n\t\t\t\t\t\t\t\t\t\t\t<a href=\"https:\/\/mercury.ch\/de\/dienstleistungen\/legal-regulatory\/\">\n\n\t\t\t\t\t\t\t\t\t\t\t\t<span class=\"elementor-icon-list-icon\">\n\t\t\t\t\t\t\t<i aria-hidden=\"true\" class=\"fas fa-circle\"><\/i>\t\t\t\t\t\t<\/span>\n\t\t\t\t\t\t\t\t\t\t<span class=\"elementor-icon-list-text\">Rechtliche und regulatorische Beratung zu branchenrelevanten Themen wie Lancierung und Vertrieb von Immobilien-Anlagevehikeln, Geldw\u00e4schereipr\u00e4vention, Korruptionsbek\u00e4mpfung<\/span>\n\t\t\t\t\t\t\t\t\t\t\t<\/a>\n\t\t\t\t\t\t\t\t\t<\/li>\n\t\t\t\t\t\t\t\t<li class=\"elementor-icon-list-item\">\n\t\t\t\t\t\t\t\t\t\t\t<span class=\"elementor-icon-list-icon\">\n\t\t\t\t\t\t\t<i aria-hidden=\"true\" class=\"fas fa-circle\"><\/i>\t\t\t\t\t\t<\/span>\n\t\t\t\t\t\t\t\t\t\t<span class=\"elementor-icon-list-text\">FINMA-Bewilligungsverfahren f\u00fcr Immobilienfonds<\/span>\n\t\t\t\t\t\t\t\t\t<\/li>\n\t\t\t\t\t\t\t\t<li class=\"elementor-icon-list-item\">\n\t\t\t\t\t\t\t\t\t\t\t<span class=\"elementor-icon-list-icon\">\n\t\t\t\t\t\t\t<i aria-hidden=\"true\" class=\"fas fa-circle\"><\/i>\t\t\t\t\t\t<\/span>\n\t\t\t\t\t\t\t\t\t\t<span class=\"elementor-icon-list-text\">Anschlussverfahren an Selbstregulierungsorganisationen<\/span>\n\t\t\t\t\t\t\t\t\t<\/li>\n\t\t\t\t\t\t\t\t<li class=\"elementor-icon-list-item\">\n\t\t\t\t\t\t\t\t\t\t\t<span class=\"elementor-icon-list-icon\">\n\t\t\t\t\t\t\t<i aria-hidden=\"true\" class=\"fas fa-circle\"><\/i>\t\t\t\t\t\t<\/span>\n\t\t\t\t\t\t\t\t\t\t<span class=\"elementor-icon-list-text\">Interessenvertretung gegen\u00fcber Aufsichtsbeh\u00f6rden und Selbstregulierungsorganisationen<\/span>\n\t\t\t\t\t\t\t\t\t<\/li>\n\t\t\t\t\t\t\t\t<li class=\"elementor-icon-list-item\">\n\t\t\t\t\t\t\t\t\t\t\t<span class=\"elementor-icon-list-icon\">\n\t\t\t\t\t\t\t<i aria-hidden=\"true\" class=\"fas fa-circle\"><\/i>\t\t\t\t\t\t<\/span>\n\t\t\t\t\t\t\t\t\t\t<span class=\"elementor-icon-list-text\">Beurteilung von  Rechts- und Reputationsrisiken von Immobilientransaktionen<\/span>\n\t\t\t\t\t\t\t\t\t<\/li>\n\t\t\t\t\t\t\t\t<li class=\"elementor-icon-list-item\">\n\t\t\t\t\t\t\t\t\t\t\t<span class=\"elementor-icon-list-icon\">\n\t\t\t\t\t\t\t<i aria-hidden=\"true\" class=\"fas fa-circle\"><\/i>\t\t\t\t\t\t<\/span>\n\t\t\t\t\t\t\t\t\t\t<span class=\"elementor-icon-list-text\">Erarbeitung von Reglementen und Weisungen und Verhaltensregeln (Code of Conduct)<\/span>\n\t\t\t\t\t\t\t\t\t<\/li>\n\t\t\t\t\t\t\t\t<li class=\"elementor-icon-list-item\">\n\t\t\t\t\t\t\t\t\t\t\t<a href=\"https:\/\/mercury.ch\/de\/dienstleistungen\/compliance\/\">\n\n\t\t\t\t\t\t\t\t\t\t\t\t<span class=\"elementor-icon-list-icon\">\n\t\t\t\t\t\t\t<i aria-hidden=\"true\" class=\"fas fa-circle\"><\/i>\t\t\t\t\t\t<\/span>\n\t\t\t\t\t\t\t\t\t\t<span class=\"elementor-icon-list-text\">Unterst\u00fctzung bei der Ausgestaltung und Umsetzung einer internen Compliance Organisation<\/span>\n\t\t\t\t\t\t\t\t\t\t\t<\/a>\n\t\t\t\t\t\t\t\t\t<\/li>\n\t\t\t\t\t\t\t\t<li class=\"elementor-icon-list-item\">\n\t\t\t\t\t\t\t\t\t\t\t<a href=\"https:\/\/mercury.ch\/de\/dienstleistungen\/outsourcing-loesungen\/\">\n\n\t\t\t\t\t\t\t\t\t\t\t\t<span class=\"elementor-icon-list-icon\">\n\t\t\t\t\t\t\t<i aria-hidden=\"true\" class=\"fas fa-circle\"><\/i>\t\t\t\t\t\t<\/span>\n\t\t\t\t\t\t\t\t\t\t<span class=\"elementor-icon-list-text\">\u00dcbernahme von Compliance-T\u00e4tigkeiten im Rahmen von Outsourcing-L\u00f6sungen<\/span>\n\t\t\t\t\t\t\t\t\t\t\t<\/a>\n\t\t\t\t\t\t\t\t\t<\/li>\n\t\t\t\t\t\t\t\t<li class=\"elementor-icon-list-item\">\n\t\t\t\t\t\t\t\t\t\t\t<a href=\"https:\/\/mercury.ch\/de\/coaching-training\/\">\n\n\t\t\t\t\t\t\t\t\t\t\t\t<span class=\"elementor-icon-list-icon\">\n\t\t\t\t\t\t\t<i aria-hidden=\"true\" class=\"fas fa-circle\"><\/i>\t\t\t\t\t\t<\/span>\n\t\t\t\t\t\t\t\t\t\t<span class=\"elementor-icon-list-text\">Durchf\u00fchrung von Schulungen zu aufsichtsrechtlichen Themen<\/span>\n\t\t\t\t\t\t\t\t\t\t\t<\/a>\n\t\t\t\t\t\t\t\t\t<\/li>\n\t\t\t\t\t\t<\/ul>\n\t\t\t\t<\/div>\n\t\t\t\t<\/div>\n\t\t\t\t<div class=\"elementor-element elementor-element-6e7a83d5 elementor-widget elementor-widget-text-editor\" data-id=\"6e7a83d5\" data-element_type=\"widget\" data-widget_type=\"text-editor.default\">\n\t\t\t\t<div class=\"elementor-widget-container\">\n\t\t\t\t\t\t\t\t<div class=\"elementor-text-editor elementor-clearfix\">\n\t\t\t\t<p>Unser Ziel ist es, Ihnen zu komplexen Problemstellungen innovative und verst\u00e4ndliche L\u00f6sungen zu kompetitiven Preisen anzubieten. Wir freuen uns auf ihre <a href=\"https:\/\/mercury.ch\/de\/ueber-uns\/kontakt\/\">Kontaktaufnahme<\/a>!<\/p>\t\t\t\t\t<\/div>\n\t\t\t\t\t\t<\/div>\n\t\t\t\t<\/div>\n\t\t\t\t\t\t<\/div>\n\t\t\t\t\t<\/div>\n\t\t<\/div>\n\t\t\t\t\t\t\t\t<\/div>\n\t\t\t\t\t<\/div>\n\t\t<\/section>\n\t\t\t\t\t\t\t\t\t<\/div>\n\t\t\t<\/div>\n\t\t\t\t\t<\/div>\n\t\t","protected":false},"excerpt":{"rendered":"<p>IMMOBILIEN Der Schweizer Immobilienmarkt zeigt sich in beneidenswerter Verfassung, und Anlagen in Immobilienwerte stehen bei institutionellen wie auch bei privaten Anlegern hoch im Kurs. Nach wie vor steigende Immobilienpreise und hohe Transaktionsvolumen f\u00fchren aber auch zu erh\u00f6hten Rechts- und Reputationsrisiken. Forderungen nach verst\u00e4rkter Regulierung der Immobilienbranche nehmen zu. Im Vordergrund des Interesses stehen die Unterstellung &#8230; <a title=\"Immobilien\" class=\"read-more\" href=\"https:\/\/mercury.ch\/de\/branchen\/immobilien\/\" aria-label=\"Mehr dazu unter Immobilien\">Weiterlesen<\/a><\/p>\n","protected":false},"author":1,"featured_media":0,"parent":500,"menu_order":0,"comment_status":"closed","ping_status":"closed","template":"elementor_header_footer","meta":[],"_links":{"self":[{"href":"https:\/\/mercury.ch\/de\/wp-json\/wp\/v2\/pages\/294"}],"collection":[{"href":"https:\/\/mercury.ch\/de\/wp-json\/wp\/v2\/pages"}],"about":[{"href":"https:\/\/mercury.ch\/de\/wp-json\/wp\/v2\/types\/page"}],"author":[{"embeddable":true,"href":"https:\/\/mercury.ch\/de\/wp-json\/wp\/v2\/users\/1"}],"replies":[{"embeddable":true,"href":"https:\/\/mercury.ch\/de\/wp-json\/wp\/v2\/comments?post=294"}],"version-history":[{"count":8,"href":"https:\/\/mercury.ch\/de\/wp-json\/wp\/v2\/pages\/294\/revisions"}],"predecessor-version":[{"id":641,"href":"https:\/\/mercury.ch\/de\/wp-json\/wp\/v2\/pages\/294\/revisions\/641"}],"up":[{"embeddable":true,"href":"https:\/\/mercury.ch\/de\/wp-json\/wp\/v2\/pages\/500"}],"wp:attachment":[{"href":"https:\/\/mercury.ch\/de\/wp-json\/wp\/v2\/media?parent=294"}],"curies":[{"name":"wp","href":"https:\/\/api.w.org\/{rel}","templated":true}]}}