{"id":375,"date":"2019-10-12T18:49:14","date_gmt":"2019-10-12T18:49:14","guid":{"rendered":"https:\/\/de-neuste-version.mercury.ch\/de\/?page_id=375"},"modified":"2025-10-02T13:43:14","modified_gmt":"2025-10-02T13:43:14","slug":"patrick-k-meyer","status":"publish","type":"page","link":"https:\/\/mercury.ch\/de\/patrick-k-meyer\/","title":{"rendered":"PATRICK K. MEYER"},"content":{"rendered":"\t\t<div data-elementor-type=\"wp-page\" data-elementor-id=\"375\" class=\"elementor elementor-375\">\n\t\t\t\t\t\t<div class=\"elementor-inner\">\n\t\t\t\t<div class=\"elementor-section-wrap\">\n\t\t\t\t\t\t\t\t\t<section class=\"elementor-section elementor-top-section elementor-element elementor-element-67519908 elementor-section-boxed elementor-section-height-default elementor-section-height-default\" data-id=\"67519908\" data-element_type=\"section\" data-settings=\"{&quot;background_background&quot;:&quot;classic&quot;}\">\n\t\t\t\t\t\t<div class=\"elementor-container elementor-column-gap-default\">\n\t\t\t\t\t\t\t<div class=\"elementor-row\">\n\t\t\t\t\t<div class=\"elementor-column elementor-col-100 elementor-top-column elementor-element elementor-element-4d43a580\" data-id=\"4d43a580\" data-element_type=\"column\" data-settings=\"{&quot;background_background&quot;:&quot;classic&quot;}\">\n\t\t\t<div class=\"elementor-column-wrap elementor-element-populated\">\n\t\t\t\t\t<div class=\"elementor-background-overlay\"><\/div>\n\t\t\t\t\t\t\t<div class=\"elementor-widget-wrap\">\n\t\t\t\t\t\t<div class=\"elementor-element elementor-element-2adda571 elementor-widget-divider--view-line elementor-widget elementor-widget-divider\" data-id=\"2adda571\" data-element_type=\"widget\" data-widget_type=\"divider.default\">\n\t\t\t\t<div class=\"elementor-widget-container\">\n\t\t\t\t\t<div class=\"elementor-divider\">\n\t\t\t<span class=\"elementor-divider-separator\">\n\t\t\t\t\t\t<\/span>\n\t\t<\/div>\n\t\t\t\t<\/div>\n\t\t\t\t<\/div>\n\t\t\t\t\t\t<\/div>\n\t\t\t\t\t<\/div>\n\t\t<\/div>\n\t\t\t\t\t\t\t\t<\/div>\n\t\t\t\t\t<\/div>\n\t\t<\/section>\n\t\t\t\t<section class=\"elementor-section elementor-top-section elementor-element elementor-element-451db823 elementor-section-boxed elementor-section-height-default elementor-section-height-default\" data-id=\"451db823\" data-element_type=\"section\">\n\t\t\t\t\t\t<div class=\"elementor-container elementor-column-gap-default\">\n\t\t\t\t\t\t\t<div class=\"elementor-row\">\n\t\t\t\t\t<div class=\"elementor-column elementor-col-100 elementor-top-column elementor-element elementor-element-fd1a027\" data-id=\"fd1a027\" data-element_type=\"column\">\n\t\t\t<div class=\"elementor-column-wrap elementor-element-populated\">\n\t\t\t\t\t\t\t<div class=\"elementor-widget-wrap\">\n\t\t\t\t\t\t<div class=\"elementor-element elementor-element-2030fa69 elementor-widget elementor-widget-heading\" data-id=\"2030fa69\" data-element_type=\"widget\" data-widget_type=\"heading.default\">\n\t\t\t\t<div class=\"elementor-widget-container\">\n\t\t\t<h2 class=\"elementor-heading-title elementor-size-default\">PATRICK K. MEYER<\/h2>\t\t<\/div>\n\t\t\t\t<\/div>\n\t\t\t\t\t\t<\/div>\n\t\t\t\t\t<\/div>\n\t\t<\/div>\n\t\t\t\t\t\t\t\t<\/div>\n\t\t\t\t\t<\/div>\n\t\t<\/section>\n\t\t\t\t<section class=\"elementor-section elementor-top-section elementor-element elementor-element-77fa5ad5 elementor-section-boxed elementor-section-height-default elementor-section-height-default\" data-id=\"77fa5ad5\" data-element_type=\"section\">\n\t\t\t\t\t\t<div class=\"elementor-container elementor-column-gap-default\">\n\t\t\t\t\t\t\t<div class=\"elementor-row\">\n\t\t\t\t\t<div class=\"elementor-column elementor-col-50 elementor-top-column elementor-element elementor-element-2855aaa4\" data-id=\"2855aaa4\" data-element_type=\"column\">\n\t\t\t<div class=\"elementor-column-wrap elementor-element-populated\">\n\t\t\t\t\t\t\t<div class=\"elementor-widget-wrap\">\n\t\t\t\t\t\t<div class=\"elementor-element elementor-element-31fe27af elementor-widget elementor-widget-image\" data-id=\"31fe27af\" data-element_type=\"widget\" data-widget_type=\"image.default\">\n\t\t\t\t<div class=\"elementor-widget-container\">\n\t\t\t\t\t\t\t\t<div class=\"elementor-image\">\n\t\t\t\t\t\t\t\t\t\t\t\t\t<a href=\"https:\/\/mercury.ch\/de\/wp-content\/uploads\/2022\/10\/patrick_meyer-1.jpg\" data-elementor-open-lightbox=\"yes\" e-action-hash=\"#elementor-action%3Aaction%3Dlightbox%26settings%3DeyJpZCI6MTA0NCwidXJsIjoiaHR0cHM6XC9cL21lcmN1cnkuY2hcL2RlXC93cC1jb250ZW50XC91cGxvYWRzXC8yMDIyXC8xMFwvcGF0cmlja19tZXllci0xLmpwZyJ9\">\n\t\t\t\t\t\t\t<img width=\"463\" height=\"561\" src=\"https:\/\/mercury.ch\/de\/wp-content\/uploads\/2022\/10\/patrick_meyer-1.jpg\" class=\"attachment-large size-large\" alt=\"\" loading=\"lazy\" srcset=\"https:\/\/mercury.ch\/de\/wp-content\/uploads\/2022\/10\/patrick_meyer-1.jpg 463w, https:\/\/mercury.ch\/de\/wp-content\/uploads\/2022\/10\/patrick_meyer-1-248x300.jpg 248w\" sizes=\"(max-width: 463px) 100vw, 463px\" \/>\t\t\t\t\t\t\t\t<\/a>\n\t\t\t\t\t\t\t\t\t\t\t\t\t\t<\/div>\n\t\t\t\t\t\t<\/div>\n\t\t\t\t<\/div>\n\t\t\t\t\t\t<\/div>\n\t\t\t\t\t<\/div>\n\t\t<\/div>\n\t\t\t\t<div class=\"elementor-column elementor-col-50 elementor-top-column elementor-element elementor-element-5434db8\" data-id=\"5434db8\" data-element_type=\"column\">\n\t\t\t<div class=\"elementor-column-wrap elementor-element-populated\">\n\t\t\t\t\t\t\t<div class=\"elementor-widget-wrap\">\n\t\t\t\t\t\t<div class=\"elementor-element elementor-element-7bc4b158 elementor-widget elementor-widget-text-editor\" data-id=\"7bc4b158\" data-element_type=\"widget\" data-widget_type=\"text-editor.default\">\n\t\t\t\t<div class=\"elementor-widget-container\">\n\t\t\t\t\t\t\t\t<div class=\"elementor-text-editor elementor-clearfix\">\n\t\t\t\t<p>Rechtsanwalt, lic. iur., LL.M.<br \/><a href=\"mailto:patrick.meyer@mercury.ch\">patrick.meyer@mercury.ch<\/a><\/p><p>Patrick Meyer ist seit rund 20 Jahren als Rechtsanwalt in der Finanzindustrie t\u00e4tig und seit 2013 Partner bei Mercury Compliance AG. Zuvor arbeitete er w\u00e4hrend neun Jahren als Rechtsanwalt mit Fokus Finanzmarktaufsichtsrecht bei einer Big-Four Revisionsgesellschaft in Z\u00fcrich, wo er ab 2010 den Bereich Regulatory &amp; Compliance Services leitete.<\/p><p>Vor dieser T\u00e4tigkeit arbeitete Patrick mehrere Jahre im Bankenbereich in der Schweiz und im Ausland, zuletzt als Head Legal &amp; Compliance bei einer Bank in Z\u00fcrich. Seine juristische Karriere begann Patrick bei einer Wirtschaftskanzlei in Luzern, wo er auch das Anwaltspatent absolvierte.<\/p><p>Patrick Meyer verf\u00fcgt \u00fcber grosse Erfahrung in der Beratung von in der Schweiz und international t\u00e4tigen Banken, Effektenh\u00e4ndlern, Kollektiven Kapitalanlagen und Verm\u00f6gensverwaltern in s\u00e4mtlichen Bereichen des Finanzmarktrechts und der Compliance. In den letzten Jahren leitete Patrick zudem verschiedene grosse nationale und internationale Compliance-Projekte wie auch FINMA Pr\u00fcfmandate.<\/p><p>Seine juristische Ausbildung schloss Patrick Meyer 1997 mit dem Lizentiat (lic. iur.) an der Universit\u00e4t Fribourg und 1998 mit dem schweizerischen Anwaltspatent ab. Zudem absolvierte Patrick 2006 an der Universit\u00e4t Z\u00fcrich ein LL.M. Programm in \u201eInternational Banking and Finance Law&#8220; und erhielt 2009 von der FINMA die Zulassung als GwG-Mandatsleiter. Er ist im Anwaltsregister des Kantons Z\u00fcrich eingetragen und als Rechtsanwalt vor s\u00e4mtlichen schweizerischen Gerichten zugelassen.<\/p><p>Patrick Meyer publiziert regelm\u00e4ssig in juristischen Fachpublikationen zu finanzmarktrechtlichen Themen und referiert an Fachveranstaltungen zu aktuellen aufsichtsrechtlichen Entwicklungen.<\/p>\t\t\t\t\t<\/div>\n\t\t\t\t\t\t<\/div>\n\t\t\t\t<\/div>\n\t\t\t\t<div class=\"elementor-element elementor-element-1c2e8e7 elementor-view-default elementor-widget elementor-widget-icon\" data-id=\"1c2e8e7\" data-element_type=\"widget\" data-widget_type=\"icon.default\">\n\t\t\t\t<div class=\"elementor-widget-container\">\n\t\t\t\t\t<div class=\"elementor-icon-wrapper\">\n\t\t\t<a class=\"elementor-icon\" href=\"https:\/\/www.linkedin.com\/in\/patrick-k-meyer-96016440\/\" target=\"_blank\">\n\t\t\t<i aria-hidden=\"true\" class=\"fab fa-linkedin\"><\/i>\t\t\t<\/a>\n\t\t<\/div>\n\t\t\t\t<\/div>\n\t\t\t\t<\/div>\n\t\t\t\t\t\t<\/div>\n\t\t\t\t\t<\/div>\n\t\t<\/div>\n\t\t\t\t\t\t\t\t<\/div>\n\t\t\t\t\t<\/div>\n\t\t<\/section>\n\t\t\t\t\t\t\t\t\t<\/div>\n\t\t\t<\/div>\n\t\t\t\t\t<\/div>\n\t\t","protected":false},"excerpt":{"rendered":"<p>PATRICK K. MEYER Rechtsanwalt, lic. iur., LL.M.patrick.meyer@mercury.ch Patrick Meyer ist seit rund 20 Jahren als Rechtsanwalt in der Finanzindustrie t\u00e4tig und seit 2013 Partner bei Mercury Compliance AG. Zuvor arbeitete er w\u00e4hrend neun Jahren als Rechtsanwalt mit Fokus Finanzmarktaufsichtsrecht bei einer Big-Four Revisionsgesellschaft in Z\u00fcrich, wo er ab 2010 den Bereich Regulatory &amp; Compliance Services &#8230; <a title=\"PATRICK K. MEYER\" class=\"read-more\" href=\"https:\/\/mercury.ch\/de\/patrick-k-meyer\/\" aria-label=\"Mehr dazu unter PATRICK K. MEYER\">Weiterlesen<\/a><\/p>\n","protected":false},"author":1,"featured_media":0,"parent":0,"menu_order":0,"comment_status":"closed","ping_status":"closed","template":"elementor_header_footer","meta":[],"_links":{"self":[{"href":"https:\/\/mercury.ch\/de\/wp-json\/wp\/v2\/pages\/375"}],"collection":[{"href":"https:\/\/mercury.ch\/de\/wp-json\/wp\/v2\/pages"}],"about":[{"href":"https:\/\/mercury.ch\/de\/wp-json\/wp\/v2\/types\/page"}],"author":[{"embeddable":true,"href":"https:\/\/mercury.ch\/de\/wp-json\/wp\/v2\/users\/1"}],"replies":[{"embeddable":true,"href":"https:\/\/mercury.ch\/de\/wp-json\/wp\/v2\/comments?post=375"}],"version-history":[{"count":15,"href":"https:\/\/mercury.ch\/de\/wp-json\/wp\/v2\/pages\/375\/revisions"}],"predecessor-version":[{"id":1521,"href":"https:\/\/mercury.ch\/de\/wp-json\/wp\/v2\/pages\/375\/revisions\/1521"}],"wp:attachment":[{"href":"https:\/\/mercury.ch\/de\/wp-json\/wp\/v2\/media?parent=375"}],"curies":[{"name":"wp","href":"https:\/\/api.w.org\/{rel}","templated":true}]}}