{"id":393,"date":"2019-10-12T18:57:20","date_gmt":"2019-10-12T18:57:20","guid":{"rendered":"https:\/\/de-neuste-version.mercury.ch\/de\/?page_id=393"},"modified":"2019-10-12T18:58:39","modified_gmt":"2019-10-12T18:58:39","slug":"mark-oliver-baumgarten","status":"publish","type":"page","link":"https:\/\/mercury.ch\/de\/mark-oliver-baumgarten\/","title":{"rendered":"MARK-OLIVER BAUMGARTEN"},"content":{"rendered":"\t\t<div data-elementor-type=\"wp-page\" data-elementor-id=\"393\" class=\"elementor elementor-393\">\n\t\t\t\t\t\t<div class=\"elementor-inner\">\n\t\t\t\t<div class=\"elementor-section-wrap\">\n\t\t\t\t\t\t\t\t\t<section class=\"elementor-section elementor-top-section elementor-element elementor-element-616ddbd2 elementor-section-boxed elementor-section-height-default elementor-section-height-default\" data-id=\"616ddbd2\" data-element_type=\"section\" data-settings=\"{&quot;background_background&quot;:&quot;classic&quot;}\">\n\t\t\t\t\t\t<div class=\"elementor-container elementor-column-gap-default\">\n\t\t\t\t\t\t\t<div class=\"elementor-row\">\n\t\t\t\t\t<div class=\"elementor-column elementor-col-100 elementor-top-column elementor-element elementor-element-313f978a\" data-id=\"313f978a\" data-element_type=\"column\" data-settings=\"{&quot;background_background&quot;:&quot;classic&quot;}\">\n\t\t\t<div class=\"elementor-column-wrap elementor-element-populated\">\n\t\t\t\t\t<div class=\"elementor-background-overlay\"><\/div>\n\t\t\t\t\t\t\t<div class=\"elementor-widget-wrap\">\n\t\t\t\t\t\t<div class=\"elementor-element elementor-element-64701ab7 elementor-widget-divider--view-line elementor-widget elementor-widget-divider\" data-id=\"64701ab7\" data-element_type=\"widget\" data-widget_type=\"divider.default\">\n\t\t\t\t<div class=\"elementor-widget-container\">\n\t\t\t\t\t<div class=\"elementor-divider\">\n\t\t\t<span class=\"elementor-divider-separator\">\n\t\t\t\t\t\t<\/span>\n\t\t<\/div>\n\t\t\t\t<\/div>\n\t\t\t\t<\/div>\n\t\t\t\t\t\t<\/div>\n\t\t\t\t\t<\/div>\n\t\t<\/div>\n\t\t\t\t\t\t\t\t<\/div>\n\t\t\t\t\t<\/div>\n\t\t<\/section>\n\t\t\t\t<section class=\"elementor-section elementor-top-section elementor-element elementor-element-7c2e9d73 elementor-section-boxed elementor-section-height-default elementor-section-height-default\" data-id=\"7c2e9d73\" data-element_type=\"section\">\n\t\t\t\t\t\t<div class=\"elementor-container elementor-column-gap-default\">\n\t\t\t\t\t\t\t<div class=\"elementor-row\">\n\t\t\t\t\t<div class=\"elementor-column elementor-col-100 elementor-top-column elementor-element elementor-element-aba35\" data-id=\"aba35\" data-element_type=\"column\">\n\t\t\t<div class=\"elementor-column-wrap elementor-element-populated\">\n\t\t\t\t\t\t\t<div class=\"elementor-widget-wrap\">\n\t\t\t\t\t\t<div class=\"elementor-element elementor-element-34eafd3b elementor-widget elementor-widget-heading\" data-id=\"34eafd3b\" data-element_type=\"widget\" data-widget_type=\"heading.default\">\n\t\t\t\t<div class=\"elementor-widget-container\">\n\t\t\t<h2 class=\"elementor-heading-title elementor-size-default\">MARK-OLIVER BAUMGARTEN<\/h2>\t\t<\/div>\n\t\t\t\t<\/div>\n\t\t\t\t\t\t<\/div>\n\t\t\t\t\t<\/div>\n\t\t<\/div>\n\t\t\t\t\t\t\t\t<\/div>\n\t\t\t\t\t<\/div>\n\t\t<\/section>\n\t\t\t\t<section class=\"elementor-section elementor-top-section elementor-element elementor-element-625f5ca1 elementor-section-boxed elementor-section-height-default elementor-section-height-default\" data-id=\"625f5ca1\" data-element_type=\"section\">\n\t\t\t\t\t\t<div class=\"elementor-container elementor-column-gap-default\">\n\t\t\t\t\t\t\t<div class=\"elementor-row\">\n\t\t\t\t\t<div class=\"elementor-column elementor-col-50 elementor-top-column elementor-element elementor-element-6da1e64\" data-id=\"6da1e64\" data-element_type=\"column\">\n\t\t\t<div class=\"elementor-column-wrap elementor-element-populated\">\n\t\t\t\t\t\t\t<div class=\"elementor-widget-wrap\">\n\t\t\t\t\t\t<div class=\"elementor-element elementor-element-60b1e1a5 elementor-widget elementor-widget-image\" data-id=\"60b1e1a5\" data-element_type=\"widget\" data-widget_type=\"image.default\">\n\t\t\t\t<div class=\"elementor-widget-container\">\n\t\t\t\t\t\t\t\t<div class=\"elementor-image\">\n\t\t\t\t\t\t\t\t\t\t\t\t\t<a href=\"https:\/\/mercury.ch\/de\/wp-content\/uploads\/2019\/10\/aaa036e4cb16038f90e128d8e39c714f_M.jpg\" data-elementor-open-lightbox=\"yes\" e-action-hash=\"#elementor-action%3Aaction%3Dlightbox%26settings%3DeyJpZCI6Mzk1LCJ1cmwiOiJodHRwczpcL1wvbWVyY3VyeS5jaFwvZGVcL3dwLWNvbnRlbnRcL3VwbG9hZHNcLzIwMTlcLzEwXC9hYWEwMzZlNGNiMTYwMzhmOTBlMTI4ZDhlMzljNzE0Zl9NLmpwZyJ9\">\n\t\t\t\t\t\t\t<img width=\"458\" height=\"558\" src=\"https:\/\/mercury.ch\/de\/wp-content\/uploads\/2019\/10\/aaa036e4cb16038f90e128d8e39c714f_M.jpg\" class=\"attachment-large size-large\" alt=\"\" loading=\"lazy\" srcset=\"https:\/\/mercury.ch\/de\/wp-content\/uploads\/2019\/10\/aaa036e4cb16038f90e128d8e39c714f_M.jpg 458w, https:\/\/mercury.ch\/de\/wp-content\/uploads\/2019\/10\/aaa036e4cb16038f90e128d8e39c714f_M-246x300.jpg 246w\" sizes=\"(max-width: 458px) 100vw, 458px\" \/>\t\t\t\t\t\t\t\t<\/a>\n\t\t\t\t\t\t\t\t\t\t\t\t\t\t<\/div>\n\t\t\t\t\t\t<\/div>\n\t\t\t\t<\/div>\n\t\t\t\t\t\t<\/div>\n\t\t\t\t\t<\/div>\n\t\t<\/div>\n\t\t\t\t<div class=\"elementor-column elementor-col-50 elementor-top-column elementor-element elementor-element-26e96266\" data-id=\"26e96266\" data-element_type=\"column\">\n\t\t\t<div class=\"elementor-column-wrap elementor-element-populated\">\n\t\t\t\t\t\t\t<div class=\"elementor-widget-wrap\">\n\t\t\t\t\t\t<div class=\"elementor-element elementor-element-2983acfc elementor-widget elementor-widget-text-editor\" data-id=\"2983acfc\" data-element_type=\"widget\" data-widget_type=\"text-editor.default\">\n\t\t\t\t<div class=\"elementor-widget-container\">\n\t\t\t\t\t\t\t\t<div class=\"elementor-text-editor elementor-clearfix\">\n\t\t\t\t<p>Rechtsanwalt, Dr. iur., LL.M.<br \/>mark-<a href=\"mailto:oliver.baumgarten@mercury.ch\">oliver.baumgarten@mercury.ch<\/a><br \/><br \/>Mark-Oliver Baumgarten ist seit \u00fcber zwanzig Jahren in der Finanzindustrie t\u00e4tig und seit 2016 Konsulent bei Mercury Compliance AG. Zuvor war er Gesch\u00e4ftsleitungsmitglied der Schweizerischen Bankiervereinigung SBVg und Leiter des Gesch\u00e4ftsbereiches Finanzmarkt Schweiz, wo er juristische, rechtspolitische und bankpolitische Fragen betreute &#8211; insbesondere in den Bereichen Finanzmarktregulierung (inkl. Eigenmittelregulierung, Amts- und Rechtshilfe, Bankkundengeheimnis), Bankenrecht und Aufsichtsrecht, Corporate Governance und Compliance, Kapitalmarktrecht &#8211; und f\u00fcr Erlasse der Selbstregulierung verantwortlich zeichnete. Dabei vertrat er die SBVg in verschiedenen nationalen und internationalen Gremien. Davor war er als Anwalt in Z\u00fcrich und zuletzt als Partner einer Anwaltskanzlei t\u00e4tig, wo er das Banking, Finance and Capital Markets Team leitete und sich mit Fragen des Aufsichtsrechts, Restrukturierungen, Compliance, Kapitalanlagerecht, M&amp;A und Finanzierungen besch\u00e4ftigte. Von 2006 bis 2014 war er Mitglied der Fachkommission \u201eProcesses &amp; Operations\u201c der Swiss Fund and Asset Management Association SFAMA.<\/p><p>Mark-Oliver Baumgarten ist anerkannter Emittentenvertreter an der Schweizer B\u00f6rse SIX und ein ausgewiesener Experte und Ansprechperson in den Gebieten Finanzmarkt- und Kapitalmarktrecht. Er ber\u00e4t nationale und internationale Finanzdienstleister bei komplexen Aufsichts-, Compliance-, Reorganisations- und Strategiefragen und bei entsprechenden Transaktionen.<\/p><p>Seine juristische Ausbildung schloss Mark-Oliver Baumgarten 1992 mit dem Lizentiat an der Universit\u00e4t Basel ab und promovierte 1995 ebendort zum Dr. iur. Ebenfalls 1995 erwarb er das schweizerische Anwaltspatent. An der University of Pennsylvania Law School spezialisierte er sich im Rahmen seines LL.M.- Studiums 1997\/98 auf das Finanzmarktrecht (inkl. international civil litigation, international finance und securities regulations).<\/p><p>Ferner ist Mark-Oliver Baumgarten Verfasser zahlreicher Publikationen im Finanzmarktrecht, referiert regelm\u00e4ssig zu aufsichtsrechtlichen Fragestellungen und arbeitet seit vielen Jahren in Fachgruppen von Anwalts- und Branchenorganisationen mit. 2012 und 2013 wurde er von der internationalen Finanz- und Wirtschaftszeitschrift \u201eWorld Finance\u201c ausgezeichnet.<\/p><p>Mark-Oliver Baumgarten ist im Anwaltsregister des Kantons Z\u00fcrich eingetragen und als Rechtsanwalt vor s\u00e4mtlichen schweizerischen Gerichten zugelassen.<\/p>\t\t\t\t\t<\/div>\n\t\t\t\t\t\t<\/div>\n\t\t\t\t<\/div>\n\t\t\t\t\t\t<\/div>\n\t\t\t\t\t<\/div>\n\t\t<\/div>\n\t\t\t\t\t\t\t\t<\/div>\n\t\t\t\t\t<\/div>\n\t\t<\/section>\n\t\t\t\t\t\t\t\t\t<\/div>\n\t\t\t<\/div>\n\t\t\t\t\t<\/div>\n\t\t","protected":false},"excerpt":{"rendered":"<p>MARK-OLIVER BAUMGARTEN Rechtsanwalt, Dr. iur., LL.M.mark-oliver.baumgarten@mercury.ch Mark-Oliver Baumgarten ist seit \u00fcber zwanzig Jahren in der Finanzindustrie t\u00e4tig und seit 2016 Konsulent bei Mercury Compliance AG. Zuvor war er Gesch\u00e4ftsleitungsmitglied der Schweizerischen Bankiervereinigung SBVg und Leiter des Gesch\u00e4ftsbereiches Finanzmarkt Schweiz, wo er juristische, rechtspolitische und bankpolitische Fragen betreute &#8211; insbesondere in den Bereichen Finanzmarktregulierung (inkl. Eigenmittelregulierung, &#8230; <a title=\"MARK-OLIVER BAUMGARTEN\" class=\"read-more\" href=\"https:\/\/mercury.ch\/de\/mark-oliver-baumgarten\/\" aria-label=\"Mehr dazu unter MARK-OLIVER BAUMGARTEN\">Weiterlesen<\/a><\/p>\n","protected":false},"author":1,"featured_media":0,"parent":0,"menu_order":0,"comment_status":"closed","ping_status":"closed","template":"elementor_header_footer","meta":[],"_links":{"self":[{"href":"https:\/\/mercury.ch\/de\/wp-json\/wp\/v2\/pages\/393"}],"collection":[{"href":"https:\/\/mercury.ch\/de\/wp-json\/wp\/v2\/pages"}],"about":[{"href":"https:\/\/mercury.ch\/de\/wp-json\/wp\/v2\/types\/page"}],"author":[{"embeddable":true,"href":"https:\/\/mercury.ch\/de\/wp-json\/wp\/v2\/users\/1"}],"replies":[{"embeddable":true,"href":"https:\/\/mercury.ch\/de\/wp-json\/wp\/v2\/comments?post=393"}],"version-history":[{"count":4,"href":"https:\/\/mercury.ch\/de\/wp-json\/wp\/v2\/pages\/393\/revisions"}],"predecessor-version":[{"id":398,"href":"https:\/\/mercury.ch\/de\/wp-json\/wp\/v2\/pages\/393\/revisions\/398"}],"wp:attachment":[{"href":"https:\/\/mercury.ch\/de\/wp-json\/wp\/v2\/media?parent=393"}],"curies":[{"name":"wp","href":"https:\/\/api.w.org\/{rel}","templated":true}]}}