{"id":404,"date":"2019-10-12T19:00:55","date_gmt":"2019-10-12T19:00:55","guid":{"rendered":"https:\/\/de-neuste-version.mercury.ch\/de\/?page_id=404"},"modified":"2019-10-12T19:01:45","modified_gmt":"2019-10-12T19:01:45","slug":"hans-ryhner-seebeck","status":"publish","type":"page","link":"https:\/\/mercury.ch\/de\/hans-ryhner-seebeck\/","title":{"rendered":"HANS RYHNER-SEEBECK"},"content":{"rendered":"\t\t<div data-elementor-type=\"wp-page\" data-elementor-id=\"404\" class=\"elementor elementor-404\">\n\t\t\t\t\t\t<div class=\"elementor-inner\">\n\t\t\t\t<div class=\"elementor-section-wrap\">\n\t\t\t\t\t\t\t\t\t<section class=\"elementor-section elementor-top-section elementor-element elementor-element-5f32dc06 elementor-section-boxed elementor-section-height-default elementor-section-height-default\" data-id=\"5f32dc06\" data-element_type=\"section\" data-settings=\"{&quot;background_background&quot;:&quot;classic&quot;}\">\n\t\t\t\t\t\t<div class=\"elementor-container elementor-column-gap-default\">\n\t\t\t\t\t\t\t<div class=\"elementor-row\">\n\t\t\t\t\t<div class=\"elementor-column elementor-col-100 elementor-top-column elementor-element elementor-element-25dc1859\" data-id=\"25dc1859\" data-element_type=\"column\" data-settings=\"{&quot;background_background&quot;:&quot;classic&quot;}\">\n\t\t\t<div class=\"elementor-column-wrap elementor-element-populated\">\n\t\t\t\t\t<div class=\"elementor-background-overlay\"><\/div>\n\t\t\t\t\t\t\t<div class=\"elementor-widget-wrap\">\n\t\t\t\t\t\t<div class=\"elementor-element elementor-element-55c27876 elementor-widget-divider--view-line elementor-widget elementor-widget-divider\" data-id=\"55c27876\" data-element_type=\"widget\" data-widget_type=\"divider.default\">\n\t\t\t\t<div class=\"elementor-widget-container\">\n\t\t\t\t\t<div class=\"elementor-divider\">\n\t\t\t<span class=\"elementor-divider-separator\">\n\t\t\t\t\t\t<\/span>\n\t\t<\/div>\n\t\t\t\t<\/div>\n\t\t\t\t<\/div>\n\t\t\t\t\t\t<\/div>\n\t\t\t\t\t<\/div>\n\t\t<\/div>\n\t\t\t\t\t\t\t\t<\/div>\n\t\t\t\t\t<\/div>\n\t\t<\/section>\n\t\t\t\t<section class=\"elementor-section elementor-top-section elementor-element elementor-element-30e71893 elementor-section-boxed elementor-section-height-default elementor-section-height-default\" data-id=\"30e71893\" data-element_type=\"section\">\n\t\t\t\t\t\t<div class=\"elementor-container elementor-column-gap-default\">\n\t\t\t\t\t\t\t<div class=\"elementor-row\">\n\t\t\t\t\t<div class=\"elementor-column elementor-col-100 elementor-top-column elementor-element elementor-element-5080f28b\" data-id=\"5080f28b\" data-element_type=\"column\">\n\t\t\t<div class=\"elementor-column-wrap elementor-element-populated\">\n\t\t\t\t\t\t\t<div class=\"elementor-widget-wrap\">\n\t\t\t\t\t\t<div class=\"elementor-element elementor-element-2e0d5cbe elementor-widget elementor-widget-heading\" data-id=\"2e0d5cbe\" data-element_type=\"widget\" data-widget_type=\"heading.default\">\n\t\t\t\t<div class=\"elementor-widget-container\">\n\t\t\t<h2 class=\"elementor-heading-title elementor-size-default\">HANS RYHNER-SEEBECK<\/h2>\t\t<\/div>\n\t\t\t\t<\/div>\n\t\t\t\t\t\t<\/div>\n\t\t\t\t\t<\/div>\n\t\t<\/div>\n\t\t\t\t\t\t\t\t<\/div>\n\t\t\t\t\t<\/div>\n\t\t<\/section>\n\t\t\t\t<section class=\"elementor-section elementor-top-section elementor-element elementor-element-49d38915 elementor-section-boxed elementor-section-height-default elementor-section-height-default\" data-id=\"49d38915\" data-element_type=\"section\">\n\t\t\t\t\t\t<div class=\"elementor-container elementor-column-gap-default\">\n\t\t\t\t\t\t\t<div class=\"elementor-row\">\n\t\t\t\t\t<div class=\"elementor-column elementor-col-50 elementor-top-column elementor-element elementor-element-77e893b5\" data-id=\"77e893b5\" data-element_type=\"column\">\n\t\t\t<div class=\"elementor-column-wrap elementor-element-populated\">\n\t\t\t\t\t\t\t<div class=\"elementor-widget-wrap\">\n\t\t\t\t\t\t<div class=\"elementor-element elementor-element-1abbcc65 elementor-widget elementor-widget-image\" data-id=\"1abbcc65\" data-element_type=\"widget\" data-widget_type=\"image.default\">\n\t\t\t\t<div class=\"elementor-widget-container\">\n\t\t\t\t\t\t\t\t<div class=\"elementor-image\">\n\t\t\t\t\t\t\t\t\t\t\t\t\t<a href=\"https:\/\/mercury.ch\/de\/wp-content\/uploads\/2019\/10\/0ef95987526970d668cbb7995fe36b10_M.jpg\" data-elementor-open-lightbox=\"yes\" e-action-hash=\"#elementor-action%3Aaction%3Dlightbox%26settings%3DeyJpZCI6NDA2LCJ1cmwiOiJodHRwczpcL1wvbWVyY3VyeS5jaFwvZGVcL3dwLWNvbnRlbnRcL3VwbG9hZHNcLzIwMTlcLzEwXC8wZWY5NTk4NzUyNjk3MGQ2NjhjYmI3OTk1ZmUzNmIxMF9NLmpwZyJ9\">\n\t\t\t\t\t\t\t<img width=\"458\" height=\"558\" src=\"https:\/\/mercury.ch\/de\/wp-content\/uploads\/2019\/10\/0ef95987526970d668cbb7995fe36b10_M.jpg\" class=\"attachment-large size-large\" alt=\"\" loading=\"lazy\" srcset=\"https:\/\/mercury.ch\/de\/wp-content\/uploads\/2019\/10\/0ef95987526970d668cbb7995fe36b10_M.jpg 458w, https:\/\/mercury.ch\/de\/wp-content\/uploads\/2019\/10\/0ef95987526970d668cbb7995fe36b10_M-246x300.jpg 246w\" sizes=\"(max-width: 458px) 100vw, 458px\" \/>\t\t\t\t\t\t\t\t<\/a>\n\t\t\t\t\t\t\t\t\t\t\t\t\t\t<\/div>\n\t\t\t\t\t\t<\/div>\n\t\t\t\t<\/div>\n\t\t\t\t\t\t<\/div>\n\t\t\t\t\t<\/div>\n\t\t<\/div>\n\t\t\t\t<div class=\"elementor-column elementor-col-50 elementor-top-column elementor-element elementor-element-497a2cc9\" data-id=\"497a2cc9\" data-element_type=\"column\">\n\t\t\t<div class=\"elementor-column-wrap elementor-element-populated\">\n\t\t\t\t\t\t\t<div class=\"elementor-widget-wrap\">\n\t\t\t\t\t\t<div class=\"elementor-element elementor-element-1b6d9756 elementor-widget elementor-widget-text-editor\" data-id=\"1b6d9756\" data-element_type=\"widget\" data-widget_type=\"text-editor.default\">\n\t\t\t\t<div class=\"elementor-widget-container\">\n\t\t\t\t\t\t\t\t<div class=\"elementor-text-editor elementor-clearfix\">\n\t\t\t\t<p>Rechtsanwalt, lic. iur.<br \/><a href=\"mailto:hans.ryhner@mercury.ch\">hans.ryhner@mercury.ch<\/a><br \/><br \/>Hans Ryhner-Seebeck verf\u00fcgt \u00fcber mehr als 40 Jahre Erfahrung als Rechtsanwalt und Richter. Seit 2016 ist er als Konsulent f\u00fcr Mercury Compliance AG t\u00e4tig, wo er Klienten in privatrechtlichen Fragen \u2013 schwergewichtig in den Bereichen Gesellschafts- und Vertragsrecht \u2013 sowie im Schuldbetreibungs- und Konkursrecht ber\u00e4t. Zudem vertritt er Unternehmen und Unternehmer in streitigen Verfahren vor Gerichten und Beh\u00f6rden in der Schweiz.<\/p><p>W\u00e4hrend rund 20 Jahren amtierte Hans Ryhner-Seebeck als Kantonsgerichtspr\u00e4sident des Kantons Glarus und war in dieser Funktion unter anderem auch f\u00fcr die Aufsicht \u00fcber die Betreibungs- und Konkurs\u00e4mter zust\u00e4ndig. Seit 1996 ist er selbst\u00e4ndiger Rechtsanwalt.<\/p><p>Hans Ryhner-Seebeck verf\u00fcgt \u00fcber breite Erfahrung in der Beratung von mittelst\u00e4ndischen Unternehmen und begleitete eine Vielzahl von KMUs in der Aufbauphase sowie im Rahmen von Firmen\u00fcbernahmen und der Integration in gr\u00f6ssere Konzernstrukturen. Zudem f\u00fchrte er zahlreiche Liquidations- und Konkursverfahren durch, sowohl auf Seiten der Beh\u00f6rde wie auch als Parteivertreter.<\/p><p>Hans Ryhner-Seebeck studierte Rechtswissenschaften an der Universit\u00e4t Basel (lic. iur.). 1982 erwarb er das Anwaltspatent. Er ist Mitglied des schweizerischen Anwaltsverbandes und als Rechtsanwalt vor s\u00e4mtlichen Gerichten in der Schweiz zugelassen.<\/p>\t\t\t\t\t<\/div>\n\t\t\t\t\t\t<\/div>\n\t\t\t\t<\/div>\n\t\t\t\t\t\t<\/div>\n\t\t\t\t\t<\/div>\n\t\t<\/div>\n\t\t\t\t\t\t\t\t<\/div>\n\t\t\t\t\t<\/div>\n\t\t<\/section>\n\t\t\t\t\t\t\t\t\t<\/div>\n\t\t\t<\/div>\n\t\t\t\t\t<\/div>\n\t\t","protected":false},"excerpt":{"rendered":"<p>HANS RYHNER-SEEBECK Rechtsanwalt, lic. iur.hans.ryhner@mercury.ch Hans Ryhner-Seebeck verf\u00fcgt \u00fcber mehr als 40 Jahre Erfahrung als Rechtsanwalt und Richter. Seit 2016 ist er als Konsulent f\u00fcr Mercury Compliance AG t\u00e4tig, wo er Klienten in privatrechtlichen Fragen \u2013 schwergewichtig in den Bereichen Gesellschafts- und Vertragsrecht \u2013 sowie im Schuldbetreibungs- und Konkursrecht ber\u00e4t. Zudem vertritt er Unternehmen und &#8230; <a title=\"HANS RYHNER-SEEBECK\" class=\"read-more\" href=\"https:\/\/mercury.ch\/de\/hans-ryhner-seebeck\/\" aria-label=\"Mehr dazu unter HANS RYHNER-SEEBECK\">Weiterlesen<\/a><\/p>\n","protected":false},"author":1,"featured_media":0,"parent":0,"menu_order":0,"comment_status":"closed","ping_status":"closed","template":"elementor_header_footer","meta":[],"_links":{"self":[{"href":"https:\/\/mercury.ch\/de\/wp-json\/wp\/v2\/pages\/404"}],"collection":[{"href":"https:\/\/mercury.ch\/de\/wp-json\/wp\/v2\/pages"}],"about":[{"href":"https:\/\/mercury.ch\/de\/wp-json\/wp\/v2\/types\/page"}],"author":[{"embeddable":true,"href":"https:\/\/mercury.ch\/de\/wp-json\/wp\/v2\/users\/1"}],"replies":[{"embeddable":true,"href":"https:\/\/mercury.ch\/de\/wp-json\/wp\/v2\/comments?post=404"}],"version-history":[{"count":3,"href":"https:\/\/mercury.ch\/de\/wp-json\/wp\/v2\/pages\/404\/revisions"}],"predecessor-version":[{"id":408,"href":"https:\/\/mercury.ch\/de\/wp-json\/wp\/v2\/pages\/404\/revisions\/408"}],"wp:attachment":[{"href":"https:\/\/mercury.ch\/de\/wp-json\/wp\/v2\/media?parent=404"}],"curies":[{"name":"wp","href":"https:\/\/api.w.org\/{rel}","templated":true}]}}