{"id":430,"date":"2019-10-12T19:38:02","date_gmt":"2019-10-12T19:38:02","guid":{"rendered":"https:\/\/de-neuste-version.mercury.ch\/de\/?page_id=430"},"modified":"2025-10-02T13:42:49","modified_gmt":"2025-10-02T13:42:49","slug":"irene-sailer-rauber","status":"publish","type":"page","link":"https:\/\/mercury.ch\/de\/irene-sailer-rauber\/","title":{"rendered":"IRENE SAILER RAUBER"},"content":{"rendered":"\t\t<div data-elementor-type=\"wp-page\" data-elementor-id=\"430\" class=\"elementor elementor-430\">\n\t\t\t\t\t\t<div class=\"elementor-inner\">\n\t\t\t\t<div class=\"elementor-section-wrap\">\n\t\t\t\t\t\t\t\t\t<section class=\"elementor-section elementor-top-section elementor-element elementor-element-6079865a elementor-section-boxed elementor-section-height-default elementor-section-height-default\" data-id=\"6079865a\" data-element_type=\"section\" data-settings=\"{&quot;background_background&quot;:&quot;classic&quot;}\">\n\t\t\t\t\t\t<div class=\"elementor-container elementor-column-gap-default\">\n\t\t\t\t\t\t\t<div class=\"elementor-row\">\n\t\t\t\t\t<div class=\"elementor-column elementor-col-100 elementor-top-column elementor-element elementor-element-775fd044\" data-id=\"775fd044\" data-element_type=\"column\" data-settings=\"{&quot;background_background&quot;:&quot;classic&quot;}\">\n\t\t\t<div class=\"elementor-column-wrap elementor-element-populated\">\n\t\t\t\t\t<div class=\"elementor-background-overlay\"><\/div>\n\t\t\t\t\t\t\t<div class=\"elementor-widget-wrap\">\n\t\t\t\t\t\t<div class=\"elementor-element elementor-element-73d07e42 elementor-widget-divider--view-line elementor-widget elementor-widget-divider\" data-id=\"73d07e42\" data-element_type=\"widget\" data-widget_type=\"divider.default\">\n\t\t\t\t<div class=\"elementor-widget-container\">\n\t\t\t\t\t<div class=\"elementor-divider\">\n\t\t\t<span class=\"elementor-divider-separator\">\n\t\t\t\t\t\t<\/span>\n\t\t<\/div>\n\t\t\t\t<\/div>\n\t\t\t\t<\/div>\n\t\t\t\t\t\t<\/div>\n\t\t\t\t\t<\/div>\n\t\t<\/div>\n\t\t\t\t\t\t\t\t<\/div>\n\t\t\t\t\t<\/div>\n\t\t<\/section>\n\t\t\t\t<section class=\"elementor-section elementor-top-section elementor-element elementor-element-6aa77722 elementor-section-boxed elementor-section-height-default elementor-section-height-default\" data-id=\"6aa77722\" data-element_type=\"section\">\n\t\t\t\t\t\t<div class=\"elementor-container elementor-column-gap-default\">\n\t\t\t\t\t\t\t<div class=\"elementor-row\">\n\t\t\t\t\t<div class=\"elementor-column elementor-col-100 elementor-top-column elementor-element elementor-element-1738b740\" data-id=\"1738b740\" data-element_type=\"column\">\n\t\t\t<div class=\"elementor-column-wrap elementor-element-populated\">\n\t\t\t\t\t\t\t<div class=\"elementor-widget-wrap\">\n\t\t\t\t\t\t<div class=\"elementor-element elementor-element-7f75b4f5 elementor-widget elementor-widget-heading\" data-id=\"7f75b4f5\" data-element_type=\"widget\" data-widget_type=\"heading.default\">\n\t\t\t\t<div class=\"elementor-widget-container\">\n\t\t\t<h2 class=\"elementor-heading-title elementor-size-default\">Irene Sailer Rauber<\/h2>\t\t<\/div>\n\t\t\t\t<\/div>\n\t\t\t\t\t\t<\/div>\n\t\t\t\t\t<\/div>\n\t\t<\/div>\n\t\t\t\t\t\t\t\t<\/div>\n\t\t\t\t\t<\/div>\n\t\t<\/section>\n\t\t\t\t<section class=\"elementor-section elementor-top-section elementor-element elementor-element-36f9129f elementor-section-boxed elementor-section-height-default elementor-section-height-default\" data-id=\"36f9129f\" data-element_type=\"section\">\n\t\t\t\t\t\t<div class=\"elementor-container elementor-column-gap-default\">\n\t\t\t\t\t\t\t<div class=\"elementor-row\">\n\t\t\t\t\t<div class=\"elementor-column elementor-col-50 elementor-top-column elementor-element elementor-element-1ba8e5ff\" data-id=\"1ba8e5ff\" data-element_type=\"column\">\n\t\t\t<div class=\"elementor-column-wrap elementor-element-populated\">\n\t\t\t\t\t\t\t<div class=\"elementor-widget-wrap\">\n\t\t\t\t\t\t<div class=\"elementor-element elementor-element-4ad0ee1d elementor-widget elementor-widget-image\" data-id=\"4ad0ee1d\" data-element_type=\"widget\" data-widget_type=\"image.default\">\n\t\t\t\t<div class=\"elementor-widget-container\">\n\t\t\t\t\t\t\t\t<div class=\"elementor-image\">\n\t\t\t\t\t\t\t\t\t\t\t\t\t<a href=\"https:\/\/mercury.ch\/de\/wp-content\/uploads\/2022\/10\/Irene_sailer_rauber.jpg\" data-elementor-open-lightbox=\"yes\" e-action-hash=\"#elementor-action%3Aaction%3Dlightbox%26settings%3DeyJpZCI6MTAyOCwidXJsIjoiaHR0cHM6XC9cL21lcmN1cnkuY2hcL2RlXC93cC1jb250ZW50XC91cGxvYWRzXC8yMDIyXC8xMFwvSXJlbmVfc2FpbGVyX3JhdWJlci5qcGcifQ%3D%3D\">\n\t\t\t\t\t\t\t<img width=\"460\" height=\"560\" src=\"https:\/\/mercury.ch\/de\/wp-content\/uploads\/2022\/10\/Irene_sailer_rauber.jpg\" class=\"attachment-large size-large\" alt=\"\" loading=\"lazy\" srcset=\"https:\/\/mercury.ch\/de\/wp-content\/uploads\/2022\/10\/Irene_sailer_rauber.jpg 460w, https:\/\/mercury.ch\/de\/wp-content\/uploads\/2022\/10\/Irene_sailer_rauber-246x300.jpg 246w\" sizes=\"(max-width: 460px) 100vw, 460px\" \/>\t\t\t\t\t\t\t\t<\/a>\n\t\t\t\t\t\t\t\t\t\t\t\t\t\t<\/div>\n\t\t\t\t\t\t<\/div>\n\t\t\t\t<\/div>\n\t\t\t\t\t\t<\/div>\n\t\t\t\t\t<\/div>\n\t\t<\/div>\n\t\t\t\t<div class=\"elementor-column elementor-col-50 elementor-top-column elementor-element elementor-element-3c03eb01\" data-id=\"3c03eb01\" data-element_type=\"column\">\n\t\t\t<div class=\"elementor-column-wrap elementor-element-populated\">\n\t\t\t\t\t\t\t<div class=\"elementor-widget-wrap\">\n\t\t\t\t\t\t<div class=\"elementor-element elementor-element-1a24fab0 elementor-widget elementor-widget-text-editor\" data-id=\"1a24fab0\" data-element_type=\"widget\" data-widget_type=\"text-editor.default\">\n\t\t\t\t<div class=\"elementor-widget-container\">\n\t\t\t\t\t\t\t\t<div class=\"elementor-text-editor elementor-clearfix\">\n\t\t\t\t<p>Rechtsanw\u00e4ltin, lic. iur.<br \/><a href=\"mailto:irene.sailer.rauber@mercury.ch\">irene.sailer.rauber@mercury.ch<\/a><\/p><p>Irene Sailer Rauber ist seit \u00fcber zehn Jahren in der Finanzindustrie t\u00e4tig und seit September 2022 Senior Associate bei Mercury Compliance AG. Zuvor arbeitete sie w\u00e4hrend \u00fcber neun Jahren bei\u00a0einer grossen Universalbank im Bereich Front Compliance in der aufsichtsrechtlichen Betreuung von\u00a0verschiedenen Kundensegmenten. Ihre juristische Karriere begann sie in einer auf Straf- und\u00a0Zivilrecht spezialisierten Anwaltskanzlei in Z\u00fcrich, wo sie auch das zur Erlangung des Anwaltspatents\u00a0notwendige Praktikum absolvierte.<\/p><p>Irene Sailer Rauber verf\u00fcgt \u00fcber ausgepr\u00e4gte Expertise in der Geldw\u00e4scherei- und\u00a0Terrorismusbek\u00e4mpfung und ist auf Compliance Angelegenheiten spezialisiert. Sie hatte die\u00a0Expertenfunktion in regulatorischen Gesamtbank-Projekten inne und war f\u00fcr die Ausgestaltung und\u00a0Umsetzung von Compliance-Standards in verschiedenen Bereichen verantwortlich. Zudem f\u00fchrte sie\u00a0Desk Reviews sowie Kontrollen von Kunden mit erh\u00f6hten Risiken (inkl. PEP) durch.<\/p><p>Irene Sailer Rauber studierte an der Universit\u00e4t Z\u00fcrich und schloss 2008 mit dem Lizentiat (lic. iur.) ab. 2013 erwarb sie das schweizerische Anwaltspatent in Z\u00fcrich.<\/p><p>Irene Sailer Rauber ist im Anwaltsregister des Kantons Z\u00fcrich eingetragen und als Rechtsanw\u00e4ltin vor\u00a0s\u00e4mtlichen schweizerischen Gerichten zugelassen.<\/p>\t\t\t\t\t<\/div>\n\t\t\t\t\t\t<\/div>\n\t\t\t\t<\/div>\n\t\t\t\t<div class=\"elementor-element elementor-element-4d40813 elementor-view-default elementor-widget elementor-widget-icon\" data-id=\"4d40813\" data-element_type=\"widget\" data-widget_type=\"icon.default\">\n\t\t\t\t<div class=\"elementor-widget-container\">\n\t\t\t\t\t<div class=\"elementor-icon-wrapper\">\n\t\t\t<a class=\"elementor-icon\" href=\"https:\/\/www.linkedin.com\/in\/irene-sailer-rauber-15390116b\/\" target=\"_blank\">\n\t\t\t<i aria-hidden=\"true\" class=\"fab fa-linkedin\"><\/i>\t\t\t<\/a>\n\t\t<\/div>\n\t\t\t\t<\/div>\n\t\t\t\t<\/div>\n\t\t\t\t\t\t<\/div>\n\t\t\t\t\t<\/div>\n\t\t<\/div>\n\t\t\t\t\t\t\t\t<\/div>\n\t\t\t\t\t<\/div>\n\t\t<\/section>\n\t\t\t\t\t\t\t\t\t<\/div>\n\t\t\t<\/div>\n\t\t\t\t\t<\/div>\n\t\t","protected":false},"excerpt":{"rendered":"<p>Irene Sailer Rauber Rechtsanw\u00e4ltin, lic. iur.irene.sailer.rauber@mercury.ch Irene Sailer Rauber ist seit \u00fcber zehn Jahren in der Finanzindustrie t\u00e4tig und seit September 2022 Senior Associate bei Mercury Compliance AG. Zuvor arbeitete sie w\u00e4hrend \u00fcber neun Jahren bei\u00a0einer grossen Universalbank im Bereich Front Compliance in der aufsichtsrechtlichen Betreuung von\u00a0verschiedenen Kundensegmenten. Ihre juristische Karriere begann sie in einer &#8230; <a title=\"IRENE SAILER RAUBER\" class=\"read-more\" href=\"https:\/\/mercury.ch\/de\/irene-sailer-rauber\/\" aria-label=\"Mehr dazu unter IRENE SAILER RAUBER\">Weiterlesen<\/a><\/p>\n","protected":false},"author":1,"featured_media":0,"parent":0,"menu_order":0,"comment_status":"closed","ping_status":"closed","template":"elementor_header_footer","meta":[],"_links":{"self":[{"href":"https:\/\/mercury.ch\/de\/wp-json\/wp\/v2\/pages\/430"}],"collection":[{"href":"https:\/\/mercury.ch\/de\/wp-json\/wp\/v2\/pages"}],"about":[{"href":"https:\/\/mercury.ch\/de\/wp-json\/wp\/v2\/types\/page"}],"author":[{"embeddable":true,"href":"https:\/\/mercury.ch\/de\/wp-json\/wp\/v2\/users\/1"}],"replies":[{"embeddable":true,"href":"https:\/\/mercury.ch\/de\/wp-json\/wp\/v2\/comments?post=430"}],"version-history":[{"count":15,"href":"https:\/\/mercury.ch\/de\/wp-json\/wp\/v2\/pages\/430\/revisions"}],"predecessor-version":[{"id":1518,"href":"https:\/\/mercury.ch\/de\/wp-json\/wp\/v2\/pages\/430\/revisions\/1518"}],"wp:attachment":[{"href":"https:\/\/mercury.ch\/de\/wp-json\/wp\/v2\/media?parent=430"}],"curies":[{"name":"wp","href":"https:\/\/api.w.org\/{rel}","templated":true}]}}