{"id":435,"date":"2019-10-12T19:40:32","date_gmt":"2019-10-12T19:40:32","guid":{"rendered":"https:\/\/de-neuste-version.mercury.ch\/de\/?page_id=435"},"modified":"2019-10-12T19:42:04","modified_gmt":"2019-10-12T19:42:04","slug":"compliance-package","status":"publish","type":"page","link":"https:\/\/mercury.ch\/de\/compliance-package\/","title":{"rendered":"COMPLIANCE PACKAGE"},"content":{"rendered":"\t\t<div data-elementor-type=\"wp-page\" data-elementor-id=\"435\" class=\"elementor elementor-435\">\n\t\t\t\t\t\t<div class=\"elementor-inner\">\n\t\t\t\t<div class=\"elementor-section-wrap\">\n\t\t\t\t\t\t\t\t\t<section class=\"elementor-section elementor-top-section elementor-element elementor-element-19c23e36 elementor-section-boxed elementor-section-height-default elementor-section-height-default\" data-id=\"19c23e36\" data-element_type=\"section\" data-settings=\"{&quot;background_background&quot;:&quot;classic&quot;}\">\n\t\t\t\t\t\t<div class=\"elementor-container elementor-column-gap-default\">\n\t\t\t\t\t\t\t<div class=\"elementor-row\">\n\t\t\t\t\t<div class=\"elementor-column elementor-col-100 elementor-top-column elementor-element elementor-element-73225956\" data-id=\"73225956\" data-element_type=\"column\" data-settings=\"{&quot;background_background&quot;:&quot;classic&quot;}\">\n\t\t\t<div class=\"elementor-column-wrap elementor-element-populated\">\n\t\t\t\t\t<div class=\"elementor-background-overlay\"><\/div>\n\t\t\t\t\t\t\t<div class=\"elementor-widget-wrap\">\n\t\t\t\t\t\t<div class=\"elementor-element elementor-element-391e019d elementor-widget-divider--view-line elementor-widget elementor-widget-divider\" data-id=\"391e019d\" data-element_type=\"widget\" data-widget_type=\"divider.default\">\n\t\t\t\t<div class=\"elementor-widget-container\">\n\t\t\t\t\t<div class=\"elementor-divider\">\n\t\t\t<span class=\"elementor-divider-separator\">\n\t\t\t\t\t\t<\/span>\n\t\t<\/div>\n\t\t\t\t<\/div>\n\t\t\t\t<\/div>\n\t\t\t\t\t\t<\/div>\n\t\t\t\t\t<\/div>\n\t\t<\/div>\n\t\t\t\t\t\t\t\t<\/div>\n\t\t\t\t\t<\/div>\n\t\t<\/section>\n\t\t\t\t<section class=\"elementor-section elementor-top-section elementor-element elementor-element-4df7f8e4 elementor-section-boxed elementor-section-height-default elementor-section-height-default\" data-id=\"4df7f8e4\" data-element_type=\"section\">\n\t\t\t\t\t\t<div class=\"elementor-container elementor-column-gap-default\">\n\t\t\t\t\t\t\t<div class=\"elementor-row\">\n\t\t\t\t\t<div class=\"elementor-column elementor-col-100 elementor-top-column elementor-element elementor-element-6082da28\" data-id=\"6082da28\" data-element_type=\"column\">\n\t\t\t<div class=\"elementor-column-wrap elementor-element-populated\">\n\t\t\t\t\t\t\t<div class=\"elementor-widget-wrap\">\n\t\t\t\t\t\t<div class=\"elementor-element elementor-element-189527b5 elementor-widget elementor-widget-heading\" data-id=\"189527b5\" data-element_type=\"widget\" data-widget_type=\"heading.default\">\n\t\t\t\t<div class=\"elementor-widget-container\">\n\t\t\t<h2 class=\"elementor-heading-title elementor-size-default\">COMPLIANCE PACKAGE<\/h2>\t\t<\/div>\n\t\t\t\t<\/div>\n\t\t\t\t\t\t<\/div>\n\t\t\t\t\t<\/div>\n\t\t<\/div>\n\t\t\t\t\t\t\t\t<\/div>\n\t\t\t\t\t<\/div>\n\t\t<\/section>\n\t\t\t\t<section class=\"elementor-section elementor-top-section elementor-element elementor-element-40ed24eb elementor-section-boxed elementor-section-height-default elementor-section-height-default\" data-id=\"40ed24eb\" data-element_type=\"section\">\n\t\t\t\t\t\t<div class=\"elementor-container elementor-column-gap-default\">\n\t\t\t\t\t\t\t<div class=\"elementor-row\">\n\t\t\t\t\t<div class=\"elementor-column elementor-col-50 elementor-top-column elementor-element elementor-element-19a8184d\" data-id=\"19a8184d\" data-element_type=\"column\">\n\t\t\t<div class=\"elementor-column-wrap elementor-element-populated\">\n\t\t\t\t\t\t\t<div class=\"elementor-widget-wrap\">\n\t\t\t\t\t\t<div class=\"elementor-element elementor-element-635a8949 elementor-widget elementor-widget-image\" data-id=\"635a8949\" data-element_type=\"widget\" data-widget_type=\"image.default\">\n\t\t\t\t<div class=\"elementor-widget-container\">\n\t\t\t\t\t\t\t\t<div class=\"elementor-image\">\n\t\t\t\t\t\t\t\t\t\t\t\t\t<a href=\"https:\/\/mercury.ch\/de\/wp-content\/uploads\/2019\/10\/Compliance_Puzzle.jpg\" data-elementor-open-lightbox=\"yes\" e-action-hash=\"#elementor-action%3Aaction%3Dlightbox%26settings%3DeyJpZCI6NDM3LCJ1cmwiOiJodHRwczpcL1wvbWVyY3VyeS5jaFwvZGVcL3dwLWNvbnRlbnRcL3VwbG9hZHNcLzIwMTlcLzEwXC9Db21wbGlhbmNlX1B1enpsZS5qcGcifQ%3D%3D\">\n\t\t\t\t\t\t\t<img width=\"849\" height=\"566\" src=\"https:\/\/mercury.ch\/de\/wp-content\/uploads\/2019\/10\/Compliance_Puzzle.jpg\" class=\"attachment-large size-large\" alt=\"\" loading=\"lazy\" srcset=\"https:\/\/mercury.ch\/de\/wp-content\/uploads\/2019\/10\/Compliance_Puzzle.jpg 849w, https:\/\/mercury.ch\/de\/wp-content\/uploads\/2019\/10\/Compliance_Puzzle-300x200.jpg 300w, https:\/\/mercury.ch\/de\/wp-content\/uploads\/2019\/10\/Compliance_Puzzle-768x512.jpg 768w\" sizes=\"(max-width: 849px) 100vw, 849px\" \/>\t\t\t\t\t\t\t\t<\/a>\n\t\t\t\t\t\t\t\t\t\t\t\t\t\t<\/div>\n\t\t\t\t\t\t<\/div>\n\t\t\t\t<\/div>\n\t\t\t\t\t\t<\/div>\n\t\t\t\t\t<\/div>\n\t\t<\/div>\n\t\t\t\t<div class=\"elementor-column elementor-col-50 elementor-top-column elementor-element elementor-element-6585b26b\" data-id=\"6585b26b\" data-element_type=\"column\">\n\t\t\t<div class=\"elementor-column-wrap elementor-element-populated\">\n\t\t\t\t\t\t\t<div class=\"elementor-widget-wrap\">\n\t\t\t\t\t\t<div class=\"elementor-element elementor-element-36c8b89d elementor-widget elementor-widget-text-editor\" data-id=\"36c8b89d\" data-element_type=\"widget\" data-widget_type=\"text-editor.default\">\n\t\t\t\t<div class=\"elementor-widget-container\">\n\t\t\t\t\t\t\t\t<div class=\"elementor-text-editor elementor-clearfix\">\n\t\t\t\t<p>Die regulatorischen Anforderungen im Finanzbereich haben sich in den letzten Jahren stetig versch\u00e4rft und die Liste der laufenden Regulierungsprojekte ist lang. Die Gesch\u00e4ftsaktivit\u00e4ten m\u00fcssen unter dem Aspekt der Compliance laufend \u00fcberpr\u00fcft und angepasst werden.<\/p><p>Vor diesem Hintergrund nimmt die Bedeutung der Compliance-Funktion im Unternehmen stetig zu. Gerade f\u00fcr kleinere und mittlere Finanzinstitute wird es immer schwieriger, Compliance Ressourcen aufrecht zu erhalten, die der Komplexit\u00e4t und Vielschichtigkeit der Regulierung vollends gerecht werden und dennoch finanziell tragbar sind.<\/p><p>Mit unseren hoch qualifizierten Mitarbeitern und unserer breiten Erfahrung im Bereich Compliance und Aufsichtsrecht helfen wir Ihnen, die stetig wachsenden Compliance Anforderungen praxisnah und effizient zu implementieren.<\/p><p>Wir haben ein umfassendes Compliance Package entwickelt, das wir gem\u00e4ss Ihren Bed\u00fcrfnissen individuell anpassen und Ihnen zu einem attraktiven Fixpreis anbieten k\u00f6nnen. Darin enthalten sind Vor-Ort Besuche, Schulungen und telefonischer Support unserer Experten.<\/p><p>Unser Ziel ist es, Ihnen effiziente und verst\u00e4ndliche L\u00f6sungen zu kompetitiven Preisen anzubieten. Wir freuen uns auf Ihre <a href=\"https:\/\/mercury.ch\/de\/ueber-uns\/kontakt\/\">Kontaktaufnahme<\/a>!<\/p>\t\t\t\t\t<\/div>\n\t\t\t\t\t\t<\/div>\n\t\t\t\t<\/div>\n\t\t\t\t\t\t<\/div>\n\t\t\t\t\t<\/div>\n\t\t<\/div>\n\t\t\t\t\t\t\t\t<\/div>\n\t\t\t\t\t<\/div>\n\t\t<\/section>\n\t\t\t\t\t\t\t\t\t<\/div>\n\t\t\t<\/div>\n\t\t\t\t\t<\/div>\n\t\t","protected":false},"excerpt":{"rendered":"<p>COMPLIANCE PACKAGE Die regulatorischen Anforderungen im Finanzbereich haben sich in den letzten Jahren stetig versch\u00e4rft und die Liste der laufenden Regulierungsprojekte ist lang. Die Gesch\u00e4ftsaktivit\u00e4ten m\u00fcssen unter dem Aspekt der Compliance laufend \u00fcberpr\u00fcft und angepasst werden. Vor diesem Hintergrund nimmt die Bedeutung der Compliance-Funktion im Unternehmen stetig zu. Gerade f\u00fcr kleinere und mittlere Finanzinstitute wird &#8230; <a title=\"COMPLIANCE PACKAGE\" class=\"read-more\" href=\"https:\/\/mercury.ch\/de\/compliance-package\/\" aria-label=\"Mehr dazu unter COMPLIANCE PACKAGE\">Weiterlesen<\/a><\/p>\n","protected":false},"author":1,"featured_media":0,"parent":0,"menu_order":0,"comment_status":"closed","ping_status":"closed","template":"elementor_header_footer","meta":[],"_links":{"self":[{"href":"https:\/\/mercury.ch\/de\/wp-json\/wp\/v2\/pages\/435"}],"collection":[{"href":"https:\/\/mercury.ch\/de\/wp-json\/wp\/v2\/pages"}],"about":[{"href":"https:\/\/mercury.ch\/de\/wp-json\/wp\/v2\/types\/page"}],"author":[{"embeddable":true,"href":"https:\/\/mercury.ch\/de\/wp-json\/wp\/v2\/users\/1"}],"replies":[{"embeddable":true,"href":"https:\/\/mercury.ch\/de\/wp-json\/wp\/v2\/comments?post=435"}],"version-history":[{"count":3,"href":"https:\/\/mercury.ch\/de\/wp-json\/wp\/v2\/pages\/435\/revisions"}],"predecessor-version":[{"id":439,"href":"https:\/\/mercury.ch\/de\/wp-json\/wp\/v2\/pages\/435\/revisions\/439"}],"wp:attachment":[{"href":"https:\/\/mercury.ch\/de\/wp-json\/wp\/v2\/media?parent=435"}],"curies":[{"name":"wp","href":"https:\/\/api.w.org\/{rel}","templated":true}]}}