{"id":551,"date":"2019-10-14T14:05:13","date_gmt":"2019-10-14T14:05:13","guid":{"rendered":"https:\/\/de-neuste-version.mercury.ch\/de\/?page_id=551"},"modified":"2019-10-14T14:06:58","modified_gmt":"2019-10-14T14:06:58","slug":"disclaimer","status":"publish","type":"page","link":"https:\/\/mercury.ch\/de\/disclaimer\/","title":{"rendered":"Disclaimer"},"content":{"rendered":"\t\t<div data-elementor-type=\"wp-page\" data-elementor-id=\"551\" class=\"elementor elementor-551\">\n\t\t\t\t\t\t<div class=\"elementor-inner\">\n\t\t\t\t<div class=\"elementor-section-wrap\">\n\t\t\t\t\t\t\t\t\t<section class=\"elementor-section elementor-top-section elementor-element elementor-element-79873e1a elementor-section-boxed elementor-section-height-default elementor-section-height-default\" data-id=\"79873e1a\" data-element_type=\"section\" data-settings=\"{&quot;background_background&quot;:&quot;classic&quot;}\">\n\t\t\t\t\t\t<div class=\"elementor-container elementor-column-gap-default\">\n\t\t\t\t\t\t\t<div class=\"elementor-row\">\n\t\t\t\t\t<div class=\"elementor-column elementor-col-100 elementor-top-column elementor-element elementor-element-1dd104d\" data-id=\"1dd104d\" data-element_type=\"column\" data-settings=\"{&quot;background_background&quot;:&quot;classic&quot;}\">\n\t\t\t<div class=\"elementor-column-wrap elementor-element-populated\">\n\t\t\t\t\t<div class=\"elementor-background-overlay\"><\/div>\n\t\t\t\t\t\t\t<div class=\"elementor-widget-wrap\">\n\t\t\t\t\t\t<div class=\"elementor-element elementor-element-4d38bca2 elementor-widget-divider--view-line elementor-widget elementor-widget-divider\" data-id=\"4d38bca2\" data-element_type=\"widget\" data-widget_type=\"divider.default\">\n\t\t\t\t<div class=\"elementor-widget-container\">\n\t\t\t\t\t<div class=\"elementor-divider\">\n\t\t\t<span class=\"elementor-divider-separator\">\n\t\t\t\t\t\t<\/span>\n\t\t<\/div>\n\t\t\t\t<\/div>\n\t\t\t\t<\/div>\n\t\t\t\t\t\t<\/div>\n\t\t\t\t\t<\/div>\n\t\t<\/div>\n\t\t\t\t\t\t\t\t<\/div>\n\t\t\t\t\t<\/div>\n\t\t<\/section>\n\t\t\t\t<section class=\"elementor-section elementor-top-section elementor-element elementor-element-1b80f5b9 elementor-section-boxed elementor-section-height-default elementor-section-height-default\" data-id=\"1b80f5b9\" data-element_type=\"section\">\n\t\t\t\t\t\t<div class=\"elementor-container elementor-column-gap-default\">\n\t\t\t\t\t\t\t<div class=\"elementor-row\">\n\t\t\t\t\t<div class=\"elementor-column elementor-col-100 elementor-top-column elementor-element elementor-element-5196ae0e\" data-id=\"5196ae0e\" data-element_type=\"column\">\n\t\t\t<div class=\"elementor-column-wrap elementor-element-populated\">\n\t\t\t\t\t\t\t<div class=\"elementor-widget-wrap\">\n\t\t\t\t\t\t<div class=\"elementor-element elementor-element-70c91e5 elementor-widget elementor-widget-heading\" data-id=\"70c91e5\" data-element_type=\"widget\" data-widget_type=\"heading.default\">\n\t\t\t\t<div class=\"elementor-widget-container\">\n\t\t\t<h2 class=\"elementor-heading-title elementor-size-default\">IMPRESSUM<\/h2>\t\t<\/div>\n\t\t\t\t<\/div>\n\t\t\t\t\t\t<\/div>\n\t\t\t\t\t<\/div>\n\t\t<\/div>\n\t\t\t\t\t\t\t\t<\/div>\n\t\t\t\t\t<\/div>\n\t\t<\/section>\n\t\t\t\t<section class=\"elementor-section elementor-top-section elementor-element elementor-element-1d8e0529 elementor-section-boxed elementor-section-height-default elementor-section-height-default\" data-id=\"1d8e0529\" data-element_type=\"section\">\n\t\t\t\t\t\t<div class=\"elementor-container elementor-column-gap-default\">\n\t\t\t\t\t\t\t<div class=\"elementor-row\">\n\t\t\t\t\t<div class=\"elementor-column elementor-col-100 elementor-top-column elementor-element elementor-element-3580d1b2\" data-id=\"3580d1b2\" data-element_type=\"column\">\n\t\t\t<div class=\"elementor-column-wrap elementor-element-populated\">\n\t\t\t\t\t\t\t<div class=\"elementor-widget-wrap\">\n\t\t\t\t\t\t<div class=\"elementor-element elementor-element-16b9d5d elementor-widget elementor-widget-text-editor\" data-id=\"16b9d5d\" data-element_type=\"widget\" data-widget_type=\"text-editor.default\">\n\t\t\t\t<div class=\"elementor-widget-container\">\n\t\t\t\t\t\t\t\t<div class=\"elementor-text-editor elementor-clearfix\">\n\t\t\t\t<p>Mercury Compliance AG<br \/>Bodmerstrasse 9<br \/>CH-8002 Z\u00fcrich<br \/>Telefon: +41 44 280 05 05<br \/>Telefax: +41 44 280 05 10<br \/>E-mail: <a href=\"mailto:mail@mercury.ch\">mail@mercury.ch<\/a><\/p><p>Sitz der Gesellschaft: Z\u00fcrich, Schweiz<br \/>Firmennummer: CH-020.3.037.955-8<\/p><p>Eingetragen im Anwaltsregister des Kantons Z\u00fcrich<\/p><p><span style=\"color: #000000;\"><strong>RECHTLICHE HINWEISE<\/strong><\/span><\/p><p>Die auf dieser Internetseite enthaltenen Informationen und Meinungen sind allgemeiner Natur und nicht als abschliessende Aussagen zum konkreten Thema zu verstehen; sie stellen keine Rechtsberatung dar und sind nicht geeignet, eine individuelle Beratung durch fachkundige Personen im jeweiligen Einzelfall zu ersetzen.<\/p><p>Mercury Compliance AG ist bestrebt, dass die Informationen auf dieser Internetseite korrekt sind. Dennoch k\u00f6nnen aufgrund von Gesetzesanpassungen, anderer ver\u00e4nderter Umst\u00e4nde oder infolge technischer Fehler m\u00f6glicherweise L\u00fccken, Ungenauigkeiten oder sonstige Fehler auftreten. Mercury Compliance AG kann daher keinerlei Gew\u00e4hr betreffend Richtigkeit, Aktualit\u00e4t und Vollst\u00e4ndigkeit der auf dieser Internetseite enthaltenen Informationen machen und schliesst die eigene Haftung oder sonstige Verantwortung f\u00fcr etwaige Fehler oder Unterlassungen und daraus entstehende Sch\u00e4den vollumf\u00e4nglich aus. Im Weiteren \u00fcbernimmt Mercury Compliance AG keine Haftung oder sonstige Verantwortung f\u00fcr externe Web-Seiten, die auf diese Internetseite verweisen oder auf die mittels Links oder anders von dieser Internetseite verwiesen wird.<\/p><p>Der gesamte Inhalt dieser Internetseite ist urheberrechtlich gesch\u00fctzt und alle Rechte bleiben dem Rechtstinhaber vorbehalten. Das Reproduzieren, \u00dcbermitteln (elektronisch oder mit anderen Mitteln), Modifizieren, Verkn\u00fcpfen oder Benutzen dieser Internetseite f\u00fcr \u00f6ffentliche oder kommerzielle Zwecke ist ohne vorherige schriftliche Zustimmung der Mercury Compliance AG nicht zul\u00e4ssig.<\/p>\t\t\t\t\t<\/div>\n\t\t\t\t\t\t<\/div>\n\t\t\t\t<\/div>\n\t\t\t\t\t\t<\/div>\n\t\t\t\t\t<\/div>\n\t\t<\/div>\n\t\t\t\t\t\t\t\t<\/div>\n\t\t\t\t\t<\/div>\n\t\t<\/section>\n\t\t\t\t\t\t\t\t\t<\/div>\n\t\t\t<\/div>\n\t\t\t\t\t<\/div>\n\t\t","protected":false},"excerpt":{"rendered":"<p>IMPRESSUM Mercury Compliance AGBodmerstrasse 9CH-8002 Z\u00fcrichTelefon: +41 44 280 05 05Telefax: +41 44 280 05 10E-mail: mail@mercury.ch Sitz der Gesellschaft: Z\u00fcrich, SchweizFirmennummer: CH-020.3.037.955-8 Eingetragen im Anwaltsregister des Kantons Z\u00fcrich RECHTLICHE HINWEISE Die auf dieser Internetseite enthaltenen Informationen und Meinungen sind allgemeiner Natur und nicht als abschliessende Aussagen zum konkreten Thema zu verstehen; sie stellen keine &#8230; <a title=\"Disclaimer\" class=\"read-more\" href=\"https:\/\/mercury.ch\/de\/disclaimer\/\" aria-label=\"Mehr dazu unter Disclaimer\">Weiterlesen<\/a><\/p>\n","protected":false},"author":1,"featured_media":0,"parent":0,"menu_order":0,"comment_status":"closed","ping_status":"closed","template":"elementor_header_footer","meta":[],"_links":{"self":[{"href":"https:\/\/mercury.ch\/de\/wp-json\/wp\/v2\/pages\/551"}],"collection":[{"href":"https:\/\/mercury.ch\/de\/wp-json\/wp\/v2\/pages"}],"about":[{"href":"https:\/\/mercury.ch\/de\/wp-json\/wp\/v2\/types\/page"}],"author":[{"embeddable":true,"href":"https:\/\/mercury.ch\/de\/wp-json\/wp\/v2\/users\/1"}],"replies":[{"embeddable":true,"href":"https:\/\/mercury.ch\/de\/wp-json\/wp\/v2\/comments?post=551"}],"version-history":[{"count":4,"href":"https:\/\/mercury.ch\/de\/wp-json\/wp\/v2\/pages\/551\/revisions"}],"predecessor-version":[{"id":555,"href":"https:\/\/mercury.ch\/de\/wp-json\/wp\/v2\/pages\/551\/revisions\/555"}],"wp:attachment":[{"href":"https:\/\/mercury.ch\/de\/wp-json\/wp\/v2\/media?parent=551"}],"curies":[{"name":"wp","href":"https:\/\/api.w.org\/{rel}","templated":true}]}}